{"id":5735,"date":"2023-08-12T11:14:16","date_gmt":"2023-08-12T11:14:16","guid":{"rendered":"https:\/\/staging.liquid-themes.com\/ai-demo2\/?page_id=5735"},"modified":"2025-10-10T20:34:11","modified_gmt":"2025-10-10T19:34:11","slug":"%d0%bf%d1%80%d0%b0%d0%b9%d1%81-%d0%bb%d0%b8%d1%81%d1%82","status":"publish","type":"page","link":"https:\/\/applefix.cz\/ru\/o-nas\/cenik_vykupu\/","title":{"rendered":"Cen\u00edk v\u00fdkupu za\u0159\u00edzen\u00ed"},"content":{"rendered":"\t\t<div data-elementor-type=\"wp-page\" data-elementor-id=\"5735\" class=\"elementor elementor-5735\" data-elementor-post-type=\"page\">\n\t\t\t\t<div data-particle_enable=\"false\" data-particle-mobile-disabled=\"false\" class=\"elementor-element elementor-element-eaf45bc e-flex e-con-boxed e-con e-parent\" data-id=\"eaf45bc\" data-element_type=\"container\" data-e-type=\"container\">\n\t\t\t\t\t<div class=\"e-con-inner\">\n\t\t\t\t<div class=\"elementor-element elementor-element-7a8594b elementor-absolute elementor-widget elementor-widget-lqd-glow\" data-id=\"7a8594b\" data-element_type=\"widget\" data-e-type=\"widget\" data-settings=\"{&quot;_position&quot;:&quot;absolute&quot;}\" data-widget_type=\"lqd-glow.default\">\n\t\t\t\t<div class=\"elementor-widget-container\">\n\t\t\t\t\t\n\t\t<svg class=\"w-full h-full\" width=\"65\" height=\"65\" viewBox=\"0 0 65 65\" fill=\"none\" xmlns=\"http:\/\/www.w3.org\/2000\/svg\" preserveAspectRatio=\"none\">\n\t\t\t<circle cx=\"32.5\" cy=\"32.5\" r=\"32.5\" fill=\"url(#paint_7a8594b)\"\/>\n\t\t\t<defs>\n\t\t\t\t<linearGradient id=\"paint_7a8594b\" x1=\"0\" y1=\"0\" x2=\"65\" y2=\"65\" gradientUnits=\"userSpaceOnUse\">\n\t\t\t\t\t<stop offset=\"0\" stop-color=\"#ABECD6\">\n\t\t\t\t\t\t<animate attributeName=\"stop-color\" values=\"#ABECD6;\" dur=\"4.25s\" repeatCount=\"indefinite\"><\/animate>\n\t\t\t\t\t<\/stop>\n\t\t\t\t\t<stop offset=\"1\" stop-color=\"#ABECD600\">\n\t\t\t\t\t\t<animate attributeName=\"stop-color\" values=\"#ABECD600;\" dur=\"4.25s\" repeatCount=\"indefinite\"><\/animate>\n\t\t\t\t\t<\/stop>\n\t\t\t\t<\/linearGradient>\n\t\t\t<\/defs>\n\t\t<\/svg>\n\n\t\t\t\t\t\t<\/div>\n\t\t\t\t<\/div>\n\t\t\t\t<div class=\"elementor-element elementor-element-62c8f16 elementor-widget elementor-widget-spacer\" data-id=\"62c8f16\" data-element_type=\"widget\" data-e-type=\"widget\" data-widget_type=\"spacer.default\">\n\t\t\t\t\t\t\t<div class=\"elementor-spacer\">\n\t\t\t<div class=\"elementor-spacer-inner\"><\/div>\n\t\t<\/div>\n\t\t\t\t\t\t<\/div>\n\t\t\t\t<div class=\"elementor-element elementor-element-5488efb lqd-text-tag-h2 elementor-widget elementor-widget-lqd-text\" data-id=\"5488efb\" data-element_type=\"widget\" data-e-type=\"widget\" data-widget_type=\"lqd-text.default\" data-lqd-has-inner-animatables=\"true\">\n\t\t\t\t<div class=\"elementor-widget-container\">\n\t\t\t\t\t<h2 class=\"lqd-text-el m-0 p-0\" data-lqd-split-text-el=\"1\" data-lqd-split-type=\"words\"><span class=\"lqd-text-item relative elementor-repeater-item-4a00172 block\"><span class=\"lqd-split-text-words inline-flex\" data-lqd-inner-animatable-el><\/span><span class=\"lqd-split-text-words inline-flex bg-inherit relative\" data-lqd-inner-animatable-el>Cen\u00edk<\/span><\/span><span class=\"lqd-text-item relative elementor-repeater-item-e7f0426 block\"><span class=\"lqd-split-text-words inline-flex bg-inherit relative\" data-lqd-inner-animatable-el>v\u00fdkupu<\/span>&nbsp;<span class=\"lqd-split-text-words inline-flex bg-inherit relative\" data-lqd-inner-animatable-el>za\u0159\u00edzen\u00ed<\/span><\/span><\/h2>\t\t\t\t<\/div>\n\t\t\t\t<\/div>\n\t\t<style>.elementor-element-5488efb .lqd-split-text-words {\n   transform: translate3d(0px,30px,0px) scale(1, 1) rotateX(0deg) rotateY(0deg) rotateZ(0deg) skew(0deg, 0deg);\n   opacity: 0;\n}\n<\/style><script>\n\t\twindow.liquid.behaviors.push( {\n\t\t\tdataId: \"5488efb\",\n\t\t\tbehaviors:[\n\t\t\t\t{behaviorName:'liquidSplitText',options:{splitDoneFromBackend:true,splitType:'words'}},{behaviorName:'liquidGetElementComputedStyles',options:{includeSelf:true,getRect:true,addGhosts:true}},{behaviorName:'liquidAnimations',options:{domain:'inview',trigger:'ghost',duration:0.65,ease:'expo.out',stagger:{each:0.065,from:'start'},delay:0,start:'top+=30px bottom',startElementOffset:0,startViewportOffset:0,animations:[{elements:'selfAnimatables',breakpointsKeyframes:{all:{keyframes:[{scaleX:1,scaleY:1,skewX:0,skewY:0,x:'0px',y:'0px',z:'0px',rotateX:0,rotateY:0,rotateZ:0,opacity:1}]}}}]}},\n\t\t\t]\n\t\t} );\n\t\t\n\t\t<\/script>\t\t\t<\/div>\n\t\t\t\t<\/div>\n\t\t<div data-particle_enable=\"false\" data-particle-mobile-disabled=\"false\" class=\"elementor-element elementor-element-24bf71f e-flex e-con-boxed e-con e-parent\" data-id=\"24bf71f\" data-element_type=\"container\" data-e-type=\"container\">\n\t\t\t\t\t<div class=\"e-con-inner\">\n\t\t\t\t<div class=\"elementor-element elementor-element-723e112 elementor-widget elementor-widget-spacer\" data-id=\"723e112\" data-element_type=\"widget\" data-e-type=\"widget\" data-widget_type=\"spacer.default\">\n\t\t\t\t\t\t\t<div class=\"elementor-spacer\">\n\t\t\t<div class=\"elementor-spacer-inner\"><\/div>\n\t\t<\/div>\n\t\t\t\t\t\t<\/div>\n\t\t\t\t<div class=\"elementor-element elementor-element-22ba1cc elementor-absolute elementor-widget elementor-widget-lqd-glow\" data-id=\"22ba1cc\" data-element_type=\"widget\" data-e-type=\"widget\" data-settings=\"{&quot;_position&quot;:&quot;absolute&quot;}\" data-widget_type=\"lqd-glow.default\">\n\t\t\t\t<div class=\"elementor-widget-container\">\n\t\t\t\t\t\n\t\t<svg class=\"w-full h-full\" width=\"65\" height=\"65\" viewBox=\"0 0 65 65\" fill=\"none\" xmlns=\"http:\/\/www.w3.org\/2000\/svg\" preserveAspectRatio=\"none\">\n\t\t\t<circle cx=\"32.5\" cy=\"32.5\" r=\"32.5\" fill=\"url(#paint_22ba1cc)\"\/>\n\t\t\t<defs>\n\t\t\t\t<linearGradient id=\"paint_22ba1cc\" x1=\"0\" y1=\"0\" x2=\"65\" y2=\"65\" gradientUnits=\"userSpaceOnUse\">\n\t\t\t\t\t<stop offset=\"0\" stop-color=\"#08BBF7\">\n\t\t\t\t\t\t<animate attributeName=\"stop-color\" values=\"#08BBF7;\" dur=\"2.25s\" repeatCount=\"indefinite\"><\/animate>\n\t\t\t\t\t<\/stop>\n\t\t\t\t\t<stop offset=\"1\" stop-color=\"#E80FEB\">\n\t\t\t\t\t\t<animate attributeName=\"stop-color\" values=\"#E80FEB;\" dur=\"2.25s\" repeatCount=\"indefinite\"><\/animate>\n\t\t\t\t\t<\/stop>\n\t\t\t\t<\/linearGradient>\n\t\t\t<\/defs>\n\t\t<\/svg>\n\n\t\t\t\t\t\t<\/div>\n\t\t\t\t<\/div>\n\t\t\t\t<div class=\"elementor-element elementor-element-36d5383 elementor-widget elementor-widget-spacer\" data-id=\"36d5383\" data-element_type=\"widget\" data-e-type=\"widget\" data-widget_type=\"spacer.default\">\n\t\t\t\t\t\t\t<div class=\"elementor-spacer\">\n\t\t\t<div class=\"elementor-spacer-inner\"><\/div>\n\t\t<\/div>\n\t\t\t\t\t\t<\/div>\n\t\t\t\t\t<\/div>\n\t\t\t\t<\/div>\n\t\t\t\t<section data-particle_enable=\"false\" data-particle-mobile-disabled=\"false\" class=\"elementor-section elementor-top-section elementor-element elementor-element-15e5b0b5 elementor-section-stretched elementor-section-height-min-height elementor-section-items-stretch elementor-section-content-space-around elementor-section-boxed elementor-section-height-default\" data-id=\"15e5b0b5\" data-element_type=\"section\" data-e-type=\"section\" data-settings=\"{&quot;stretch_section&quot;:&quot;section-stretched&quot;}\">\n\t\t\t\t\t\t<div class=\"elementor-container elementor-column-gap-custom\">\n\t\t\t\t\t<div class=\"elementor-column elementor-col-16 elementor-top-column elementor-element elementor-element-2dc4e51\" data-id=\"2dc4e51\" data-element_type=\"column\" data-e-type=\"column\">\n\t\t\t<div class=\"elementor-widget-wrap elementor-element-populated\">\n\t\t\t\t\t\t\t\t\t<div data-eael_duration=\"{&quot;transitionDuration&quot;:1000}\" data-eael_easing=\"{&quot;transitionEasing&quot;:&quot;ease&quot;}\" data-eael_hover_duration=\"{&quot;transitionDuration&quot;:200}\" data-eael_hover_easing=\"{&quot;transitionEasing&quot;:&quot;ease&quot;}\" data-eaeltilt=\"eael_tilt\" class=\"eael_hover_effect elementor-element elementor-element-ed2a60c elementor-widget elementor-widget-image\" data-id=\"ed2a60c\" data-element_type=\"widget\" data-e-type=\"widget\" data-settings=\"{&quot;eael_hover_effect_transform_hover_popover&quot;:&quot;yes&quot;,&quot;eael_hover_effect_general_settings_easing&quot;:&quot;ease&quot;,&quot;eael_hover_effect_general_settings_hover_easing&quot;:&quot;ease&quot;}\" data-widget_type=\"image.default\">\n\t\t\t\t\t\t\t\t\t\t\t\t\t\t\t\t<a href=\"https:\/\/applefix.cz\/ru\/o-nas\/cenik_vykupu\/airpods\/\">\n\t\t\t\t\t\t\t<img fetchpriority=\"high\" decoding=\"async\" width=\"300\" height=\"300\" src=\"https:\/\/applefix.cz\/wp-content\/uploads\/2024\/10\/airpods-3-300x300.png\" class=\"attachment-medium size-medium wp-image-7678\" alt=\"\" srcset=\"https:\/\/applefix.cz\/wp-content\/uploads\/2024\/10\/airpods-3-300x300.png 300w, https:\/\/applefix.cz\/wp-content\/uploads\/2024\/10\/airpods-3-100x100.webp 100w, https:\/\/applefix.cz\/wp-content\/uploads\/2024\/10\/airpods-3-600x600.webp 600w, https:\/\/applefix.cz\/wp-content\/uploads\/2024\/10\/airpods-3-150x150.png 150w, https:\/\/applefix.cz\/wp-content\/uploads\/2024\/10\/airpods-3-320x320.png 320w, https:\/\/applefix.cz\/wp-content\/uploads\/2024\/10\/airpods-3-760x760.png 760w, https:\/\/applefix.cz\/wp-content\/uploads\/2024\/10\/airpods-3-370x370.webp 370w, https:\/\/applefix.cz\/wp-content\/uploads\/2024\/10\/airpods-3-460x460.webp 460w, https:\/\/applefix.cz\/wp-content\/uploads\/2024\/10\/airpods-3.webp 1024w\" sizes=\"(max-width: 300px) 100vw, 300px\" \/>\t\t\t\t\t\t\t\t<\/a>\n\t\t\t\t\t\t\t\t\t\t\t\t\t\t\t<\/div>\n\t\t\t\t<div class=\"elementor-element elementor-element-49f78c9 lqd-text-tag-h2 elementor-widget elementor-widget-lqd-text\" data-id=\"49f78c9\" data-element_type=\"widget\" data-e-type=\"widget\" data-widget_type=\"lqd-text.default\">\n\t\t\t\t<div class=\"elementor-widget-container\">\n\t\t\t\t\t<h2 class=\"lqd-text-el m-0 p-0\"><a href=\"https:\/\/applefix.cz\/ru\/o-nas\/cenik_vykupu\/iphone\/\" class=\"text-inherit\"><span class=\"lqd-text-item relative elementor-repeater-item-19886b7\">AirPods<\/span><\/a><\/h2>\t\t\t\t<\/div>\n\t\t\t\t<\/div>\n\t\t\t\t\t<\/div>\n\t\t<\/div>\n\t\t\t\t<div class=\"elementor-column elementor-col-16 elementor-top-column elementor-element elementor-element-d22d7d6\" data-id=\"d22d7d6\" data-element_type=\"column\" data-e-type=\"column\">\n\t\t\t<div class=\"elementor-widget-wrap elementor-element-populated\">\n\t\t\t\t\t\t\t\t\t<div data-eael_duration=\"{&quot;transitionDuration&quot;:1000}\" data-eael_easing=\"{&quot;transitionEasing&quot;:&quot;ease&quot;}\" data-eael_hover_duration=\"{&quot;transitionDuration&quot;:100}\" data-eael_hover_easing=\"{&quot;transitionEasing&quot;:&quot;ease&quot;}\" data-eaeltilt=\"eael_tilt\" class=\"eael_hover_effect elementor-element elementor-element-df5d6c9 elementor-widget elementor-widget-image\" data-id=\"df5d6c9\" data-element_type=\"widget\" data-e-type=\"widget\" data-settings=\"{&quot;eael_hover_effect_general_settings_easing&quot;:&quot;ease&quot;,&quot;eael_hover_effect_general_settings_hover_easing&quot;:&quot;ease&quot;}\" data-widget_type=\"image.default\">\n\t\t\t\t\t\t\t\t\t\t\t\t\t\t\t\t<a href=\"https:\/\/applefix.cz\/ru\/o-nas\/cenik_vykupu\/apple-watch\/\">\n\t\t\t\t\t\t\t<img decoding=\"async\" width=\"300\" height=\"300\" src=\"https:\/\/applefix.cz\/wp-content\/uploads\/2024\/10\/applewatch-300x300.png\" class=\"attachment-medium size-medium wp-image-7680\" alt=\"\" srcset=\"https:\/\/applefix.cz\/wp-content\/uploads\/2024\/10\/applewatch-300x300.png 300w, https:\/\/applefix.cz\/wp-content\/uploads\/2024\/10\/applewatch-100x100.webp 100w, https:\/\/applefix.cz\/wp-content\/uploads\/2024\/10\/applewatch-600x600.webp 600w, https:\/\/applefix.cz\/wp-content\/uploads\/2024\/10\/applewatch-150x150.png 150w, https:\/\/applefix.cz\/wp-content\/uploads\/2024\/10\/applewatch-320x320.png 320w, https:\/\/applefix.cz\/wp-content\/uploads\/2024\/10\/applewatch-760x760.png 760w, https:\/\/applefix.cz\/wp-content\/uploads\/2024\/10\/applewatch-370x370.webp 370w, https:\/\/applefix.cz\/wp-content\/uploads\/2024\/10\/applewatch-460x460.webp 460w, https:\/\/applefix.cz\/wp-content\/uploads\/2024\/10\/applewatch.webp 1024w\" sizes=\"(max-width: 300px) 100vw, 300px\" \/>\t\t\t\t\t\t\t\t<\/a>\n\t\t\t\t\t\t\t\t\t\t\t\t\t\t\t<\/div>\n\t\t\t\t<div class=\"elementor-element elementor-element-ac5d7e3 lqd-text-tag-h2 elementor-widget elementor-widget-lqd-text\" data-id=\"ac5d7e3\" data-element_type=\"widget\" data-e-type=\"widget\" data-widget_type=\"lqd-text.default\">\n\t\t\t\t<div class=\"elementor-widget-container\">\n\t\t\t\t\t<h2 class=\"lqd-text-el m-0 p-0\"><a href=\"https:\/\/applefix.cz\/ru\/o-nas\/cenik_vykupu\/iphone\/\" class=\"text-inherit\"><span class=\"lqd-text-item relative elementor-repeater-item-19886b7\">Apple<\/span><span class=\"lqd-text-item relative elementor-repeater-item-f8bccda\">Watch<\/span><\/a><\/h2>\t\t\t\t<\/div>\n\t\t\t\t<\/div>\n\t\t\t\t\t<\/div>\n\t\t<\/div>\n\t\t\t\t<div class=\"elementor-column elementor-col-16 elementor-top-column elementor-element elementor-element-1cbb080e\" data-id=\"1cbb080e\" data-element_type=\"column\" data-e-type=\"column\">\n\t\t\t<div class=\"elementor-widget-wrap elementor-element-populated\">\n\t\t\t\t\t\t\t\t\t<div data-eael_duration=\"{&quot;transitionDuration&quot;:1000}\" data-eael_easing=\"{&quot;transitionEasing&quot;:&quot;ease&quot;}\" data-eael_hover_duration=\"{&quot;transitionDuration&quot;:200}\" data-eael_hover_easing=\"{&quot;transitionEasing&quot;:&quot;ease&quot;}\" data-eaeltilt=\"eael_tilt\" class=\"eael_hover_effect elementor-element elementor-element-4d78fc7b elementor-widget elementor-widget-image\" data-id=\"4d78fc7b\" data-element_type=\"widget\" data-e-type=\"widget\" data-settings=\"{&quot;eael_hover_effect_transform_hover_popover&quot;:&quot;yes&quot;,&quot;eael_hover_effect_general_settings_easing&quot;:&quot;ease&quot;,&quot;eael_hover_effect_general_settings_hover_easing&quot;:&quot;ease&quot;}\" data-widget_type=\"image.default\">\n\t\t\t\t\t\t\t\t\t\t\t\t\t\t\t\t<a href=\"https:\/\/applefix.cz\/ru\/o-nas\/cenik_vykupu\/iphone\/\">\n\t\t\t\t\t\t\t<img decoding=\"async\" width=\"300\" height=\"300\" src=\"https:\/\/applefix.cz\/wp-content\/uploads\/2024\/09\/RI052b1-300x300.png\" class=\"attachment-medium size-medium wp-image-7390\" alt=\"\" srcset=\"https:\/\/applefix.cz\/wp-content\/uploads\/2024\/09\/RI052b1-300x300.png 300w, https:\/\/applefix.cz\/wp-content\/uploads\/2024\/09\/RI052b1-100x100.png 100w, https:\/\/applefix.cz\/wp-content\/uploads\/2024\/09\/RI052b1-600x600.png 600w, https:\/\/applefix.cz\/wp-content\/uploads\/2024\/09\/RI052b1-150x150.png 150w, https:\/\/applefix.cz\/wp-content\/uploads\/2024\/09\/RI052b1-320x320.png 320w, https:\/\/applefix.cz\/wp-content\/uploads\/2024\/09\/RI052b1-760x760.png 760w, https:\/\/applefix.cz\/wp-content\/uploads\/2024\/09\/RI052b1-370x370.png 370w, https:\/\/applefix.cz\/wp-content\/uploads\/2024\/09\/RI052b1-460x460.png 460w, https:\/\/applefix.cz\/wp-content\/uploads\/2024\/09\/RI052b1.png 1024w\" sizes=\"(max-width: 300px) 100vw, 300px\" \/>\t\t\t\t\t\t\t\t<\/a>\n\t\t\t\t\t\t\t\t\t\t\t\t\t\t\t<\/div>\n\t\t\t\t<div class=\"elementor-element elementor-element-59187a0 lqd-text-tag-h2 elementor-widget elementor-widget-lqd-text\" data-id=\"59187a0\" data-element_type=\"widget\" data-e-type=\"widget\" data-widget_type=\"lqd-text.default\">\n\t\t\t\t<div class=\"elementor-widget-container\">\n\t\t\t\t\t<h2 class=\"lqd-text-el m-0 p-0\"><a href=\"https:\/\/applefix.cz\/ru\/o-nas\/cenik_vykupu\/iphone\/\" class=\"text-inherit\"><span class=\"lqd-text-item relative elementor-repeater-item-19886b7\">iPhone<\/span><\/a><\/h2>\t\t\t\t<\/div>\n\t\t\t\t<\/div>\n\t\t\t\t\t<\/div>\n\t\t<\/div>\n\t\t\t\t<div class=\"elementor-column elementor-col-16 elementor-top-column elementor-element elementor-element-4dfd66d3\" data-id=\"4dfd66d3\" data-element_type=\"column\" data-e-type=\"column\">\n\t\t\t<div class=\"elementor-widget-wrap elementor-element-populated\">\n\t\t\t\t\t\t\t\t\t<div data-eael_duration=\"{&quot;transitionDuration&quot;:1000}\" data-eael_easing=\"{&quot;transitionEasing&quot;:&quot;ease&quot;}\" data-eael_hover_duration=\"{&quot;transitionDuration&quot;:100}\" data-eael_hover_easing=\"{&quot;transitionEasing&quot;:&quot;ease&quot;}\" data-eaeltilt=\"eael_tilt\" class=\"eael_hover_effect elementor-element elementor-element-30cc2890 elementor-widget elementor-widget-image\" data-id=\"30cc2890\" data-element_type=\"widget\" data-e-type=\"widget\" data-settings=\"{&quot;eael_hover_effect_general_settings_easing&quot;:&quot;ease&quot;,&quot;eael_hover_effect_general_settings_hover_easing&quot;:&quot;ease&quot;}\" data-widget_type=\"image.default\">\n\t\t\t\t\t\t\t\t\t\t\t\t\t\t\t\t<a href=\"https:\/\/applefix.cz\/ru\/o-nas\/cenik_vykupu\/ipad\/\">\n\t\t\t\t\t\t\t<img loading=\"lazy\" decoding=\"async\" width=\"300\" height=\"300\" src=\"https:\/\/applefix.cz\/wp-content\/uploads\/2024\/09\/ipad-pro-6-12-9-2022-1674814056-300x300.png\" class=\"attachment-medium size-medium wp-image-7397\" alt=\"\" srcset=\"https:\/\/applefix.cz\/wp-content\/uploads\/2024\/09\/ipad-pro-6-12-9-2022-1674814056-300x300.png 300w, https:\/\/applefix.cz\/wp-content\/uploads\/2024\/09\/ipad-pro-6-12-9-2022-1674814056-100x100.png 100w, https:\/\/applefix.cz\/wp-content\/uploads\/2024\/09\/ipad-pro-6-12-9-2022-1674814056-600x600.png 600w, https:\/\/applefix.cz\/wp-content\/uploads\/2024\/09\/ipad-pro-6-12-9-2022-1674814056-150x150.png 150w, https:\/\/applefix.cz\/wp-content\/uploads\/2024\/09\/ipad-pro-6-12-9-2022-1674814056-320x320.png 320w, https:\/\/applefix.cz\/wp-content\/uploads\/2024\/09\/ipad-pro-6-12-9-2022-1674814056-760x760.png 760w, https:\/\/applefix.cz\/wp-content\/uploads\/2024\/09\/ipad-pro-6-12-9-2022-1674814056-370x370.png 370w, https:\/\/applefix.cz\/wp-content\/uploads\/2024\/09\/ipad-pro-6-12-9-2022-1674814056-460x460.png 460w, https:\/\/applefix.cz\/wp-content\/uploads\/2024\/09\/ipad-pro-6-12-9-2022-1674814056.png 1024w\" sizes=\"(max-width: 300px) 100vw, 300px\" \/>\t\t\t\t\t\t\t\t<\/a>\n\t\t\t\t\t\t\t\t\t\t\t\t\t\t\t<\/div>\n\t\t\t\t<div class=\"elementor-element elementor-element-cdf4780 lqd-text-tag-h2 elementor-widget elementor-widget-lqd-text\" data-id=\"cdf4780\" data-element_type=\"widget\" data-e-type=\"widget\" data-widget_type=\"lqd-text.default\">\n\t\t\t\t<div class=\"elementor-widget-container\">\n\t\t\t\t\t<h2 class=\"lqd-text-el m-0 p-0\"><a href=\"https:\/\/applefix.cz\/ru\/o-nas\/cenik_vykupu\/iphone\/\" class=\"text-inherit\"><span class=\"lqd-text-item relative elementor-repeater-item-19886b7\">iPad<\/span><\/a><\/h2>\t\t\t\t<\/div>\n\t\t\t\t<\/div>\n\t\t\t\t\t<\/div>\n\t\t<\/div>\n\t\t\t\t<div class=\"elementor-column elementor-col-16 elementor-top-column elementor-element elementor-element-5f0cacfb\" data-id=\"5f0cacfb\" data-element_type=\"column\" data-e-type=\"column\">\n\t\t\t<div class=\"elementor-widget-wrap elementor-element-populated\">\n\t\t\t\t\t\t\t\t\t<div data-eael_duration=\"{&quot;transitionDuration&quot;:1000}\" data-eael_easing=\"{&quot;transitionEasing&quot;:&quot;ease&quot;}\" data-eael_hover_duration=\"{&quot;transitionDuration&quot;:1000}\" data-eael_hover_easing=\"{&quot;transitionEasing&quot;:&quot;ease&quot;}\" data-eaeltilt=\"eael_tilt\" class=\"eael_hover_effect elementor-element elementor-element-1afb0cf6 elementor-widget elementor-widget-image\" data-id=\"1afb0cf6\" data-element_type=\"widget\" data-e-type=\"widget\" data-settings=\"{&quot;eael_hover_effect_general_settings_easing&quot;:&quot;ease&quot;,&quot;eael_hover_effect_general_settings_hover_easing&quot;:&quot;ease&quot;}\" data-widget_type=\"image.default\">\n\t\t\t\t\t\t\t\t\t\t\t\t\t\t\t\t<a href=\"https:\/\/applefix.cz\/ru\/o-nas\/cenik_vykupu\/macbook\/\">\n\t\t\t\t\t\t\t<img loading=\"lazy\" decoding=\"async\" width=\"300\" height=\"300\" src=\"https:\/\/applefix.cz\/wp-content\/uploads\/2024\/11\/12-3-300x300.png\" class=\"attachment-medium size-medium wp-image-9476\" alt=\"\" srcset=\"https:\/\/applefix.cz\/wp-content\/uploads\/2024\/11\/12-3-300x300.png 300w, https:\/\/applefix.cz\/wp-content\/uploads\/2024\/11\/12-3-150x150.png 150w, https:\/\/applefix.cz\/wp-content\/uploads\/2024\/11\/12-3-370x370.png 370w, https:\/\/applefix.cz\/wp-content\/uploads\/2024\/11\/12-3-460x460.png 460w, https:\/\/applefix.cz\/wp-content\/uploads\/2024\/11\/12-3-320x320.png 320w, https:\/\/applefix.cz\/wp-content\/uploads\/2024\/11\/12-3-760x760.png 760w, https:\/\/applefix.cz\/wp-content\/uploads\/2024\/11\/12-3-600x600.png 600w, https:\/\/applefix.cz\/wp-content\/uploads\/2024\/11\/12-3-100x100.png 100w, https:\/\/applefix.cz\/wp-content\/uploads\/2024\/11\/12-3.png 1024w\" sizes=\"(max-width: 300px) 100vw, 300px\" \/>\t\t\t\t\t\t\t\t<\/a>\n\t\t\t\t\t\t\t\t\t\t\t\t\t\t\t<\/div>\n\t\t\t\t<div class=\"elementor-element elementor-element-62fcb7c lqd-text-tag-h2 elementor-widget elementor-widget-lqd-text\" data-id=\"62fcb7c\" data-element_type=\"widget\" data-e-type=\"widget\" data-widget_type=\"lqd-text.default\">\n\t\t\t\t<div class=\"elementor-widget-container\">\n\t\t\t\t\t<h2 class=\"lqd-text-el m-0 p-0\"><a href=\"https:\/\/applefix.cz\/ru\/o-nas\/cenik_vykupu\/iphone\/\" class=\"text-inherit\"><span class=\"lqd-text-item relative elementor-repeater-item-19886b7\">Macbook<\/span><\/a><\/h2>\t\t\t\t<\/div>\n\t\t\t\t<\/div>\n\t\t\t\t\t<\/div>\n\t\t<\/div>\n\t\t\t\t<div class=\"elementor-column elementor-col-16 elementor-top-column elementor-element elementor-element-6b89ff1\" data-id=\"6b89ff1\" data-element_type=\"column\" data-e-type=\"column\">\n\t\t\t<div class=\"elementor-widget-wrap elementor-element-populated\">\n\t\t\t\t\t\t\t\t\t<div data-eael_duration=\"{&quot;transitionDuration&quot;:1000}\" data-eael_easing=\"{&quot;transitionEasing&quot;:&quot;ease&quot;}\" data-eael_hover_duration=\"{&quot;transitionDuration&quot;:1000}\" data-eael_hover_easing=\"{&quot;transitionEasing&quot;:&quot;ease&quot;}\" data-eaeltilt=\"eael_tilt\" class=\"eael_hover_effect elementor-element elementor-element-d6d867c elementor-widget elementor-widget-image\" data-id=\"d6d867c\" data-element_type=\"widget\" data-e-type=\"widget\" data-settings=\"{&quot;eael_hover_effect_general_settings_easing&quot;:&quot;ease&quot;,&quot;eael_hover_effect_general_settings_hover_easing&quot;:&quot;ease&quot;}\" data-widget_type=\"image.default\">\n\t\t\t\t\t\t\t\t\t\t\t\t\t\t\t\t<a href=\"https:\/\/applefix.cz\/ru\/o-nas\/cenik_vykupu\/\">\n\t\t\t\t\t\t\t<img loading=\"lazy\" decoding=\"async\" width=\"300\" height=\"300\" src=\"https:\/\/applefix.cz\/wp-content\/uploads\/2024\/10\/imac-300x300.png\" class=\"attachment-medium size-medium wp-image-7681\" alt=\"\" srcset=\"https:\/\/applefix.cz\/wp-content\/uploads\/2024\/10\/imac-300x300.png 300w, https:\/\/applefix.cz\/wp-content\/uploads\/2024\/10\/imac-100x100.webp 100w, https:\/\/applefix.cz\/wp-content\/uploads\/2024\/10\/imac-600x600.webp 600w, https:\/\/applefix.cz\/wp-content\/uploads\/2024\/10\/imac-150x150.png 150w, https:\/\/applefix.cz\/wp-content\/uploads\/2024\/10\/imac-320x320.png 320w, https:\/\/applefix.cz\/wp-content\/uploads\/2024\/10\/imac-760x760.png 760w, https:\/\/applefix.cz\/wp-content\/uploads\/2024\/10\/imac-370x370.webp 370w, https:\/\/applefix.cz\/wp-content\/uploads\/2024\/10\/imac-460x460.webp 460w, https:\/\/applefix.cz\/wp-content\/uploads\/2024\/10\/imac.webp 1024w\" sizes=\"(max-width: 300px) 100vw, 300px\" \/>\t\t\t\t\t\t\t\t<\/a>\n\t\t\t\t\t\t\t\t\t\t\t\t\t\t\t<\/div>\n\t\t\t\t<div class=\"elementor-element elementor-element-414cd40 lqd-text-tag-h2 elementor-widget elementor-widget-lqd-text\" data-id=\"414cd40\" data-element_type=\"widget\" data-e-type=\"widget\" data-widget_type=\"lqd-text.default\">\n\t\t\t\t<div class=\"elementor-widget-container\">\n\t\t\t\t\t<h2 class=\"lqd-text-el m-0 p-0\"><a href=\"https:\/\/applefix.cz\/ru\/o-nas\/cenik_vykupu\/iphone\/\" class=\"text-inherit\"><span class=\"lqd-text-item relative elementor-repeater-item-19886b7\">iMac<\/span><\/a><\/h2>\t\t\t\t<\/div>\n\t\t\t\t<\/div>\n\t\t\t\t\t<\/div>\n\t\t<\/div>\n\t\t\t\t\t<\/div>\n\t\t<\/section>\n\t\t<div data-particle_enable=\"false\" data-particle-mobile-disabled=\"false\" class=\"elementor-element elementor-element-343c596 e-flex e-con-boxed e-con e-parent\" data-id=\"343c596\" data-element_type=\"container\" data-e-type=\"container\">\n\t\t\t\t\t<div class=\"e-con-inner\">\n\t\t\t\t<div class=\"elementor-element elementor-element-0418898 elementor-widget elementor-widget-spacer\" data-id=\"0418898\" data-element_type=\"widget\" data-e-type=\"widget\" data-widget_type=\"spacer.default\">\n\t\t\t\t\t\t\t<div class=\"elementor-spacer\">\n\t\t\t<div class=\"elementor-spacer-inner\"><\/div>\n\t\t<\/div>\n\t\t\t\t\t\t<\/div>\n\t\t\t\t\t<\/div>\n\t\t\t\t<\/div>\n\t\t\t\t<\/div>\n\t\t","protected":false},"excerpt":{"rendered":"<p>Cen\u00edkv\u00fdkupu&nbsp;za\u0159\u00edzen\u00ed AirPods AppleWatch iPhone iPad Macbook iMac<\/p>","protected":false},"author":3,"featured_media":0,"parent":5818,"menu_order":0,"comment_status":"closed","ping_status":"closed","template":"","meta":{"footnotes":""},"class_list":["post-5735","page","type-page","status-publish","hentry"],"_links":{"self":[{"href":"https:\/\/applefix.cz\/ru\/wp-json\/wp\/v2\/pages\/5735","targetHints":{"allow":["GET"]}}],"collection":[{"href":"https:\/\/applefix.cz\/ru\/wp-json\/wp\/v2\/pages"}],"about":[{"href":"https:\/\/applefix.cz\/ru\/wp-json\/wp\/v2\/types\/page"}],"author":[{"embeddable":true,"href":"https:\/\/applefix.cz\/ru\/wp-json\/wp\/v2\/users\/3"}],"replies":[{"embeddable":true,"href":"https:\/\/applefix.cz\/ru\/wp-json\/wp\/v2\/comments?post=5735"}],"version-history":[{"count":58,"href":"https:\/\/applefix.cz\/ru\/wp-json\/wp\/v2\/pages\/5735\/revisions"}],"predecessor-version":[{"id":10633,"href":"https:\/\/applefix.cz\/ru\/wp-json\/wp\/v2\/pages\/5735\/revisions\/10633"}],"up":[{"embeddable":true,"href":"https:\/\/applefix.cz\/ru\/wp-json\/wp\/v2\/pages\/5818"}],"wp:attachment":[{"href":"https:\/\/applefix.cz\/ru\/wp-json\/wp\/v2\/media?parent=5735"}],"curies":[{"name":"wp","href":"https:\/\/api.w.org\/{rel}","templated":true}]}}