{"id":9168,"date":"2024-11-05T16:25:01","date_gmt":"2024-11-05T14:25:01","guid":{"rendered":"https:\/\/applefix.online\/?page_id=9168"},"modified":"2024-11-05T17:45:32","modified_gmt":"2024-11-05T15:45:32","slug":"macbook-12","status":"publish","type":"page","link":"https:\/\/applefix.cz\/pl\/o-nas\/cenik_vykupu\/macbook\/macbook-12\/","title":{"rendered":"MacBook 12"},"content":{"rendered":"<div data-elementor-type=\"wp-page\" data-elementor-id=\"9168\" class=\"elementor elementor-9168\" data-elementor-post-type=\"page\">\n\t\t\t\t\t\t<section data-particle_enable=\"false\" data-particle-mobile-disabled=\"false\" class=\"elementor-section elementor-top-section elementor-element elementor-element-28aef88b elementor-section-full_width elementor-section-height-default elementor-section-height-default\" data-id=\"28aef88b\" data-element_type=\"section\" data-e-type=\"section\" id=\"xs_pricing_1\" data-settings=\"{&quot;background_background&quot;:&quot;classic&quot;}\">\n\t\t\t\t\t\t<div class=\"elementor-container elementor-column-gap-default\">\n\t\t\t\t\t<div class=\"elementor-column elementor-col-100 elementor-top-column elementor-element elementor-element-675229bd\" data-id=\"675229bd\" data-element_type=\"column\" data-e-type=\"column\">\n\t\t\t<div class=\"elementor-widget-wrap elementor-element-populated\">\n\t\t\t\t\t\t<section data-particle_enable=\"false\" data-particle-mobile-disabled=\"false\" class=\"elementor-section elementor-inner-section elementor-element elementor-element-920c47f elementor-section-boxed elementor-section-height-default elementor-section-height-default\" data-id=\"920c47f\" data-element_type=\"section\" data-e-type=\"section\">\n\t\t\t\t\t\t<div class=\"elementor-container elementor-column-gap-default\">\n\t\t\t\t\t<div class=\"elementor-column elementor-col-100 elementor-inner-column elementor-element elementor-element-e9ce3a9\" data-id=\"e9ce3a9\" data-element_type=\"column\" data-e-type=\"column\">\n\t\t\t<div class=\"elementor-widget-wrap\">\n\t\t\t\t\t\t\t<\/div>\n\t\t<\/div>\n\t\t\t\t\t<\/div>\n\t\t<\/section>\n\t\t\t\t<section data-particle_enable=\"false\" data-particle-mobile-disabled=\"false\" class=\"elementor-section elementor-inner-section elementor-element elementor-element-4cc14617 elementor-section-full_width elementor-section-height-default elementor-section-height-default\" data-id=\"4cc14617\" data-element_type=\"section\" data-e-type=\"section\">\n\t\t\t\t\t\t<div class=\"elementor-container elementor-column-gap-default\">\n\t\t\t\t\t<div class=\"elementor-column elementor-col-12 elementor-inner-column elementor-element elementor-element-ada4a92\" data-id=\"ada4a92\" data-element_type=\"column\" data-e-type=\"column\">\n\t\t\t<div class=\"elementor-widget-wrap\">\n\t\t\t\t\t\t\t<\/div>\n\t\t<\/div>\n\t\t\t\t<div class=\"elementor-column elementor-col-12 elementor-inner-column elementor-element elementor-element-a8c5197\" data-id=\"a8c5197\" data-element_type=\"column\" data-e-type=\"column\">\n\t\t\t<div class=\"elementor-widget-wrap\">\n\t\t\t\t\t\t\t<\/div>\n\t\t<\/div>\n\t\t\t\t<div class=\"elementor-column elementor-col-12 elementor-inner-column elementor-element elementor-element-65e9732\" data-id=\"65e9732\" data-element_type=\"column\" data-e-type=\"column\">\n\t\t\t<div class=\"elementor-widget-wrap\">\n\t\t\t\t\t\t\t<\/div>\n\t\t<\/div>\n\t\t\t\t<div class=\"elementor-column elementor-col-12 elementor-inner-column elementor-element elementor-element-f83e0dc\" data-id=\"f83e0dc\" data-element_type=\"column\" data-e-type=\"column\">\n\t\t\t<div class=\"elementor-widget-wrap\">\n\t\t\t\t\t\t\t<\/div>\n\t\t<\/div>\n\t\t\t\t<div class=\"elementor-column elementor-col-12 elementor-inner-column elementor-element elementor-element-e2987a0\" data-id=\"e2987a0\" data-element_type=\"column\" data-e-type=\"column\">\n\t\t\t<div class=\"elementor-widget-wrap\">\n\t\t\t\t\t\t\t<\/div>\n\t\t<\/div>\n\t\t\t\t<div class=\"elementor-column elementor-col-12 elementor-inner-column elementor-element elementor-element-69a7d34\" data-id=\"69a7d34\" data-element_type=\"column\" data-e-type=\"column\">\n\t\t\t<div class=\"elementor-widget-wrap\">\n\t\t\t\t\t\t\t<\/div>\n\t\t<\/div>\n\t\t\t\t<div class=\"elementor-column elementor-col-12 elementor-inner-column elementor-element elementor-element-7be34cc\" data-id=\"7be34cc\" data-element_type=\"column\" data-e-type=\"column\">\n\t\t\t<div class=\"elementor-widget-wrap\">\n\t\t\t\t\t\t\t<\/div>\n\t\t<\/div>\n\t\t\t\t<div class=\"elementor-column elementor-col-12 elementor-inner-column elementor-element elementor-element-aaa453c\" data-id=\"aaa453c\" data-element_type=\"column\" data-e-type=\"column\">\n\t\t\t<div class=\"elementor-widget-wrap\">\n\t\t\t\t\t\t\t<\/div>\n\t\t<\/div>\n\t\t\t\t\t<\/div>\n\t\t<\/section>\n\t\t\t\t\t<\/div>\n\t\t<\/div>\n\t\t\t\t\t<\/div>\n\t\t<\/section>\n\t\t\t\t<\/div>","protected":false},"excerpt":{"rendered":"<p>Cen\u00edk oprav MacBook 12&#8243; A&#8212;- Baterie 3900 K\u010d doba opravy 1-2 dny Rezerovat term\u00edn opravy LCD 5000 K\u010d doba opravy 1-2 dny Rezerovat term\u00edn opravy Kl\u00e1vesnice 4900 K\u010d doba opravy 2-3 dny Rezerovat term\u00edn opravy Reproduktory 1500 K\u010d doba opravy 1-2 dny Rezerovat term\u00edn opravy \u010ci\u0161t\u011bn\u00ed od 500 K\u010d doba opravy 1-2 dny Rezerovat term\u00edn [&hellip;]<\/p>\n","protected":false},"author":2,"featured_media":0,"parent":8422,"menu_order":0,"comment_status":"closed","ping_status":"closed","template":"elementor_header_footer","meta":{"footnotes":""},"class_list":["post-9168","page","type-page","status-publish","hentry"],"_links":{"self":[{"href":"https:\/\/applefix.cz\/pl\/wp-json\/wp\/v2\/pages\/9168","targetHints":{"allow":["GET"]}}],"collection":[{"href":"https:\/\/applefix.cz\/pl\/wp-json\/wp\/v2\/pages"}],"about":[{"href":"https:\/\/applefix.cz\/pl\/wp-json\/wp\/v2\/types\/page"}],"author":[{"embeddable":true,"href":"https:\/\/applefix.cz\/pl\/wp-json\/wp\/v2\/users\/2"}],"replies":[{"embeddable":true,"href":"https:\/\/applefix.cz\/pl\/wp-json\/wp\/v2\/comments?post=9168"}],"version-history":[{"count":0,"href":"https:\/\/applefix.cz\/pl\/wp-json\/wp\/v2\/pages\/9168\/revisions"}],"up":[{"embeddable":true,"href":"https:\/\/applefix.cz\/pl\/wp-json\/wp\/v2\/pages\/8422"}],"wp:attachment":[{"href":"https:\/\/applefix.cz\/pl\/wp-json\/wp\/v2\/media?parent=9168"}],"curies":[{"name":"wp","href":"https:\/\/api.w.org\/{rel}","templated":true}]}}