{"id":9119,"date":"2024-11-05T00:14:22","date_gmt":"2024-11-04T22:14:22","guid":{"rendered":"https:\/\/applefix.online\/?page_id=9119"},"modified":"2024-12-30T13:08:49","modified_gmt":"2024-12-30T11:08:49","slug":"macbook-air-a1466","status":"publish","type":"page","link":"https:\/\/applefix.cz\/pl\/o-nas\/cenik_vykupu\/macbook\/macbook-air-a1466\/","title":{"rendered":"MacBook Air-A1466"},"content":{"rendered":"<div data-elementor-type=\"wp-page\" data-elementor-id=\"9119\" class=\"elementor elementor-9119\" data-elementor-post-type=\"page\">\n\t\t\t\t\t\t<section data-particle_enable=\"false\" data-particle-mobile-disabled=\"false\" class=\"elementor-section elementor-top-section elementor-element elementor-element-28aef88b elementor-section-full_width elementor-section-height-default elementor-section-height-default\" data-id=\"28aef88b\" data-element_type=\"section\" data-e-type=\"section\" id=\"xs_pricing_1\" data-settings=\"{&quot;background_background&quot;:&quot;classic&quot;}\">\n\t\t\t\t\t\t<div class=\"elementor-container elementor-column-gap-default\">\n\t\t\t\t\t<div class=\"elementor-column elementor-col-100 elementor-top-column elementor-element elementor-element-675229bd\" data-id=\"675229bd\" data-element_type=\"column\" data-e-type=\"column\">\n\t\t\t<div class=\"elementor-widget-wrap elementor-element-populated\">\n\t\t\t\t\t\t<section data-particle_enable=\"false\" data-particle-mobile-disabled=\"false\" class=\"elementor-section elementor-inner-section elementor-element elementor-element-920c47f elementor-section-boxed elementor-section-height-default elementor-section-height-default\" data-id=\"920c47f\" data-element_type=\"section\" data-e-type=\"section\">\n\t\t\t\t\t\t<div class=\"elementor-container elementor-column-gap-default\">\n\t\t\t\t\t<div class=\"elementor-column elementor-col-100 elementor-inner-column elementor-element elementor-element-e9ce3a9\" data-id=\"e9ce3a9\" data-element_type=\"column\" data-e-type=\"column\">\n\t\t\t<div class=\"elementor-widget-wrap\">\n\t\t\t\t\t\t\t<\/div>\n\t\t<\/div>\n\t\t\t\t\t<\/div>\n\t\t<\/section>\n\t\t\t\t<section data-particle_enable=\"false\" data-particle-mobile-disabled=\"false\" class=\"elementor-section elementor-inner-section elementor-element elementor-element-4cc14617 elementor-section-boxed elementor-section-height-default elementor-section-height-default\" data-id=\"4cc14617\" data-element_type=\"section\" data-e-type=\"section\">\n\t\t\t\t\t\t<div class=\"elementor-container elementor-column-gap-default\">\n\t\t\t\t\t<div class=\"elementor-column elementor-col-20 elementor-inner-column elementor-element elementor-element-ada4a92\" data-id=\"ada4a92\" data-element_type=\"column\" data-e-type=\"column\">\n\t\t\t<div class=\"elementor-widget-wrap\">\n\t\t\t\t\t\t\t<\/div>\n\t\t<\/div>\n\t\t\t\t<div class=\"elementor-column elementor-col-20 elementor-inner-column elementor-element elementor-element-a8c5197\" data-id=\"a8c5197\" data-element_type=\"column\" data-e-type=\"column\">\n\t\t\t<div class=\"elementor-widget-wrap\">\n\t\t\t\t\t\t\t<\/div>\n\t\t<\/div>\n\t\t\t\t<div class=\"elementor-column elementor-col-20 elementor-inner-column elementor-element elementor-element-65e9732\" data-id=\"65e9732\" data-element_type=\"column\" data-e-type=\"column\">\n\t\t\t<div class=\"elementor-widget-wrap\">\n\t\t\t\t\t\t\t<\/div>\n\t\t<\/div>\n\t\t\t\t<div class=\"elementor-column elementor-col-20 elementor-inner-column elementor-element elementor-element-f83e0dc\" data-id=\"f83e0dc\" data-element_type=\"column\" data-e-type=\"column\">\n\t\t\t<div class=\"elementor-widget-wrap\">\n\t\t\t\t\t\t\t<\/div>\n\t\t<\/div>\n\t\t\t\t<div class=\"elementor-column elementor-col-20 elementor-inner-column elementor-element elementor-element-e2987a0\" data-id=\"e2987a0\" data-element_type=\"column\" data-e-type=\"column\">\n\t\t\t<div class=\"elementor-widget-wrap\">\n\t\t\t\t\t\t\t<\/div>\n\t\t<\/div>\n\t\t\t\t\t<\/div>\n\t\t<\/section>\n\t\t\t\t<div class=\"elementor-element elementor-element-918ed7a elementor-widget elementor-widget-spacer\" data-id=\"918ed7a\" data-element_type=\"widget\" data-e-type=\"widget\" data-widget_type=\"spacer.default\">\n\t\t\t\t\t\t\t<div class=\"elementor-spacer\">\n\t\t\t<div class=\"elementor-spacer-inner\"><\/div>\n\t\t<\/div>\n\t\t\t\t\t\t<\/div>\n\t\t\t\t<section data-particle_enable=\"false\" data-particle-mobile-disabled=\"false\" class=\"elementor-section elementor-inner-section elementor-element elementor-element-0882f5b elementor-section-boxed elementor-section-height-default elementor-section-height-default\" data-id=\"0882f5b\" data-element_type=\"section\" data-e-type=\"section\">\n\t\t\t\t\t\t<div class=\"elementor-container elementor-column-gap-default\">\n\t\t\t\t\t<div class=\"elementor-column elementor-col-25 elementor-inner-column elementor-element elementor-element-29a7d62\" data-id=\"29a7d62\" data-element_type=\"column\" data-e-type=\"column\">\n\t\t\t<div class=\"elementor-widget-wrap\">\n\t\t\t\t\t\t\t<\/div>\n\t\t<\/div>\n\t\t\t\t<div class=\"elementor-column elementor-col-25 elementor-inner-column elementor-element elementor-element-fbc858d\" data-id=\"fbc858d\" data-element_type=\"column\" data-e-type=\"column\">\n\t\t\t<div class=\"elementor-widget-wrap\">\n\t\t\t\t\t\t\t<\/div>\n\t\t<\/div>\n\t\t\t\t<div class=\"elementor-column elementor-col-25 elementor-inner-column elementor-element elementor-element-a50ee05\" data-id=\"a50ee05\" data-element_type=\"column\" data-e-type=\"column\">\n\t\t\t<div class=\"elementor-widget-wrap\">\n\t\t\t\t\t\t\t<\/div>\n\t\t<\/div>\n\t\t\t\t<div class=\"elementor-column elementor-col-25 elementor-inner-column elementor-element elementor-element-39b9584\" data-id=\"39b9584\" data-element_type=\"column\" data-e-type=\"column\">\n\t\t\t<div class=\"elementor-widget-wrap\">\n\t\t\t\t\t\t\t<\/div>\n\t\t<\/div>\n\t\t\t\t\t<\/div>\n\t\t<\/section>\n\t\t\t\t\t<\/div>\n\t\t<\/div>\n\t\t\t\t\t<\/div>\n\t\t<\/section>\n\t\t\t\t<\/div>","protected":false},"excerpt":{"rendered":"<p>Cen\u00edk oprav MacBook Air 13&#8243; A1466 Baterie 2990 K\u010d doba opravy 1-2 dny Rezerovat term\u00edn opravy LCD 3990 K\u010d doba opravy 1-2 dny Rezerovat term\u00edn opravy Kl\u00e1vesnice 2990 K\u010d doba opravy 2-3 dny Rezerovat term\u00edn opravy Reproduktory 990 K\u010d doba opravy 1-2 dny Rezerovat term\u00edn opravy \u00dalo\u017ei\u0161t\u011b od 1200 K\u010d doba opravy 1-2 dny Rezerovat [&hellip;]<\/p>\n","protected":false},"author":2,"featured_media":0,"parent":8422,"menu_order":0,"comment_status":"closed","ping_status":"closed","template":"elementor_header_footer","meta":{"footnotes":""},"class_list":["post-9119","page","type-page","status-publish","hentry"],"_links":{"self":[{"href":"https:\/\/applefix.cz\/pl\/wp-json\/wp\/v2\/pages\/9119","targetHints":{"allow":["GET"]}}],"collection":[{"href":"https:\/\/applefix.cz\/pl\/wp-json\/wp\/v2\/pages"}],"about":[{"href":"https:\/\/applefix.cz\/pl\/wp-json\/wp\/v2\/types\/page"}],"author":[{"embeddable":true,"href":"https:\/\/applefix.cz\/pl\/wp-json\/wp\/v2\/users\/2"}],"replies":[{"embeddable":true,"href":"https:\/\/applefix.cz\/pl\/wp-json\/wp\/v2\/comments?post=9119"}],"version-history":[{"count":3,"href":"https:\/\/applefix.cz\/pl\/wp-json\/wp\/v2\/pages\/9119\/revisions"}],"predecessor-version":[{"id":10188,"href":"https:\/\/applefix.cz\/pl\/wp-json\/wp\/v2\/pages\/9119\/revisions\/10188"}],"up":[{"embeddable":true,"href":"https:\/\/applefix.cz\/pl\/wp-json\/wp\/v2\/pages\/8422"}],"wp:attachment":[{"href":"https:\/\/applefix.cz\/pl\/wp-json\/wp\/v2\/media?parent=9119"}],"curies":[{"name":"wp","href":"https:\/\/api.w.org\/{rel}","templated":true}]}}