{"id":8860,"date":"2024-11-02T03:33:58","date_gmt":"2024-11-02T01:33:58","guid":{"rendered":"https:\/\/applefix.online\/?page_id=8860"},"modified":"2024-12-19T16:38:20","modified_gmt":"2024-12-19T14:38:20","slug":"cenik-oprav-iphone-se-2020","status":"publish","type":"page","link":"https:\/\/applefix.cz\/pl\/o-nas\/cenik_vykupu\/iphone\/cenik-oprav-iphone-se-2020\/","title":{"rendered":"Cen\u00edk oprav iPhone SE 2020"},"content":{"rendered":"\t\t<div data-elementor-type=\"wp-page\" data-elementor-id=\"8860\" class=\"elementor elementor-8860\" data-elementor-post-type=\"page\">\n\t\t\t\t<div data-particle_enable=\"false\" data-particle-mobile-disabled=\"false\" class=\"elementor-element elementor-element-7b9ce1d e-flex e-con-boxed e-con e-parent\" data-id=\"7b9ce1d\" data-element_type=\"container\" data-e-type=\"container\">\n\t\t\t\t\t<div class=\"e-con-inner\">\n\t\t\t\t<div class=\"elementor-element elementor-element-a91ae8f lqd-text-tag-h2 elementor-widget elementor-widget-lqd-text\" data-id=\"a91ae8f\" data-element_type=\"widget\" data-e-type=\"widget\" data-widget_type=\"lqd-text.default\">\n\t\t\t\t<div class=\"elementor-widget-container\">\n\t\t\t\t\t<h2 class=\"lqd-text-el m-0 p-0\"><span class=\"lqd-text-item relative elementor-repeater-item-0799755 block\">Cen\u00edk oprav<\/span><span class=\"lqd-text-item relative elementor-repeater-item-62186c3 block\"> iPhone SE 2020<\/span><\/h2>\t\t\t\t<\/div>\n\t\t\t\t<\/div>\n\t\t<script>\n\t\twindow.liquid.behaviors.push( {\n\t\t\tdataId: \"a91ae8f\",\n\t\t\tbehaviors:[\n\t\t\t\t{behaviorName:'liquidGetElementComputedStyles',options:{includeSelf:true,getRect:true,getStyles:['position']}},{behaviorName:'liquidAdaptiveColor'},\n\t\t\t]\n\t\t} );\n\t\t\n\t\t\twindow.liquid.behaviors.push( {\n\t\t\t\tlayoutRegion: \"liquidPageContent\",\n\t\t\t\tbehaviors:[\n\t\t\t\t\t{behaviorName:'liquidGetElementComputedStyles',options:{includeChildren:true,includeSelf:true,getOnlyContainers:true,getStyles:['backgroundColor'],getBrightnessOf:['backgroundColor'],getRect:true}},\n\t\t\t\t]\n\t\t\t} );\n\t\t<\/script>\t\t\t<\/div>\n\t\t\t\t<\/div>\n\t\t<div data-particle_enable=\"false\" data-particle-mobile-disabled=\"false\" class=\"elementor-element elementor-element-86b29b3 e-flex e-con-boxed e-con e-parent\" data-id=\"86b29b3\" data-element_type=\"container\" data-e-type=\"container\">\n\t\t\t\t\t<div class=\"e-con-inner\">\n\t\t\t\t<div class=\"elementor-element elementor-element-2eb35a3 elementor-widget elementor-widget-spacer\" data-id=\"2eb35a3\" data-element_type=\"widget\" data-e-type=\"widget\" data-widget_type=\"spacer.default\">\n\t\t\t\t\t\t\t<div class=\"elementor-spacer\">\n\t\t\t<div class=\"elementor-spacer-inner\"><\/div>\n\t\t<\/div>\n\t\t\t\t\t\t<\/div>\n\t\t\t\t\t<\/div>\n\t\t\t\t<\/div>\n\t\t<div data-particle_enable=\"false\" data-particle-mobile-disabled=\"false\" class=\"elementor-element elementor-element-0c052a2 e-flex e-con-boxed e-con e-parent\" data-id=\"0c052a2\" data-element_type=\"container\" data-e-type=\"container\">\n\t\t\t\t\t<div class=\"e-con-inner\">\n\t\t<div data-particle_enable=\"false\" data-particle-mobile-disabled=\"false\" class=\"elementor-element elementor-element-366d9f3 e-con-full e-flex e-con e-child\" data-id=\"366d9f3\" data-element_type=\"container\" data-e-type=\"container\">\n\t\t\t\t<div class=\"elementor-element elementor-element-9a8a891 elementor-widget__width-initial lqd-text-tag-h2 elementor-widget elementor-widget-lqd-text\" data-id=\"9a8a891\" data-element_type=\"widget\" data-e-type=\"widget\" data-widget_type=\"lqd-text.default\">\n\t\t\t\t<div class=\"elementor-widget-container\">\n\t\t\t\t\t<h2 class=\"lqd-text-el m-0 p-0\"><span class=\"lqd-text-item relative elementor-repeater-item-62186c3\"> iPhone SE 2020<\/span><\/h2>\t\t\t\t<\/div>\n\t\t\t\t<\/div>\n\t\t<script>\n\t\twindow.liquid.behaviors.push( {\n\t\t\tdataId: \"9a8a891\",\n\t\t\tbehaviors:[\n\t\t\t\t{behaviorName:'liquidGetElementComputedStyles',options:{includeSelf:true,getRect:true,getStyles:['position']}},{behaviorName:'liquidAdaptiveColor'},\n\t\t\t]\n\t\t} );\n\t\t\n\t\t\twindow.liquid.behaviors.push( {\n\t\t\t\tlayoutRegion: \"liquidPageContent\",\n\t\t\t\tbehaviors:[\n\t\t\t\t\t{behaviorName:'liquidGetElementComputedStyles',options:{includeChildren:true,includeSelf:true,getOnlyContainers:true,getStyles:['backgroundColor'],getBrightnessOf:['backgroundColor'],getRect:true}},\n\t\t\t\t]\n\t\t\t} );\n\t\t<\/script>\t\t<\/div>\n\t\t\t\t\t<\/div>\n\t\t\t\t<\/div>\n\t\t\t\t<section data-particle_enable=\"false\" data-particle-mobile-disabled=\"false\" class=\"elementor-section elementor-top-section elementor-element elementor-element-9550b0e elementor-section-stretched elementor-section-boxed elementor-section-height-default elementor-section-height-default\" data-id=\"9550b0e\" data-element_type=\"section\" data-e-type=\"section\" data-settings=\"{&quot;stretch_section&quot;:&quot;section-stretched&quot;}\">\n\t\t\t\t\t\t<div class=\"elementor-container elementor-column-gap-wider\">\n\t\t\t\t\t<div class=\"elementor-column elementor-col-50 elementor-top-column elementor-element elementor-element-418ffab\" data-id=\"418ffab\" data-element_type=\"column\" data-e-type=\"column\">\n\t\t\t<div class=\"elementor-widget-wrap elementor-element-populated\">\n\t\t\t\t\t\t<section data-particle_enable=\"false\" data-particle-mobile-disabled=\"false\" class=\"elementor-section elementor-inner-section elementor-element elementor-element-fd5b5be elementor-section-height-min-height elementor-section-content-top elementor-section-boxed elementor-section-height-default\" data-id=\"fd5b5be\" data-element_type=\"section\" data-e-type=\"section\">\n\t\t\t\t\t\t<div class=\"elementor-container elementor-column-gap-no\">\n\t\t\t\t\t<div class=\"elementor-column elementor-col-50 elementor-inner-column elementor-element elementor-element-b65f3e9\" data-id=\"b65f3e9\" data-element_type=\"column\" data-e-type=\"column\">\n\t\t\t<div class=\"elementor-widget-wrap elementor-element-populated\">\n\t\t\t\t\t\t<div class=\"elementor-element elementor-element-56de10d elementor-widget elementor-widget-text-editor\" data-id=\"56de10d\" data-element_type=\"widget\" data-e-type=\"widget\" data-widget_type=\"text-editor.default\">\n\t\t\t\t\t\t\t\t\t<pre><span style=\"font-family: helvetica, arial, sans-serif;\">Kompletn\u00ed \u010di\u0161t\u011bn\u00ed telefonu<\/span><\/pre>\t\t\t\t\t\t\t\t<\/div>\n\t\t\t\t<div class=\"elementor-element elementor-element-d870fe7 elementor-widget elementor-widget-text-editor\" data-id=\"d870fe7\" data-element_type=\"widget\" data-e-type=\"widget\" data-widget_type=\"text-editor.default\">\n\t\t\t\t\t\t\t\t\t<pre><span style=\"font-family: helvetica, arial, sans-serif;\">Displej Origin\u00e1l<\/span><\/pre>\t\t\t\t\t\t\t\t<\/div>\n\t\t\t\t<div class=\"elementor-element elementor-element-23130f5 elementor-widget elementor-widget-text-editor\" data-id=\"23130f5\" data-element_type=\"widget\" data-e-type=\"widget\" data-widget_type=\"text-editor.default\">\n\t\t\t\t\t\t\t\t\t<pre><span style=\"font-family: helvetica, arial, sans-serif;\">Repasov\u00e1n\u00ed displeje<\/span><\/pre>\t\t\t\t\t\t\t\t<\/div>\n\t\t\t\t<div class=\"elementor-element elementor-element-4d008f6 elementor-widget elementor-widget-text-editor\" data-id=\"4d008f6\" data-element_type=\"widget\" data-e-type=\"widget\" data-widget_type=\"text-editor.default\">\n\t\t\t\t\t\t\t\t\t<pre><span style=\"font-family: helvetica, arial, sans-serif;\">Displej LCD Premium<\/span><\/pre>\t\t\t\t\t\t\t\t<\/div>\n\t\t\t\t<div class=\"elementor-element elementor-element-1e96c8e elementor-widget elementor-widget-text-editor\" data-id=\"1e96c8e\" data-element_type=\"widget\" data-e-type=\"widget\" data-widget_type=\"text-editor.default\">\n\t\t\t\t\t\t\t\t\t<pre><span style=\"font-family: helvetica, arial, sans-serif;\">Oprava Touch ID<\/span><\/pre>\t\t\t\t\t\t\t\t<\/div>\n\t\t\t\t<div class=\"elementor-element elementor-element-cf5cdb3 elementor-widget elementor-widget-text-editor\" data-id=\"cf5cdb3\" data-element_type=\"widget\" data-e-type=\"widget\" data-widget_type=\"text-editor.default\">\n\t\t\t\t\t\t\t\t\t<pre><span style=\"font-family: helvetica, arial, sans-serif;\">V\u00fdm\u011bna baterie - Origin\u00e1l<\/span><\/pre>\t\t\t\t\t\t\t\t<\/div>\n\t\t\t\t<div class=\"elementor-element elementor-element-71bea94 elementor-widget elementor-widget-text-editor\" data-id=\"71bea94\" data-element_type=\"widget\" data-e-type=\"widget\" data-widget_type=\"text-editor.default\">\n\t\t\t\t\t\t\t\t\t<pre><span style=\"font-family: helvetica, arial, sans-serif;\">V\u00fdm\u011bna baterie - aftermarket<\/span><\/pre>\t\t\t\t\t\t\t\t<\/div>\n\t\t\t\t<div class=\"elementor-element elementor-element-bb785a0 elementor-widget elementor-widget-text-editor\" data-id=\"bb785a0\" data-element_type=\"widget\" data-e-type=\"widget\" data-widget_type=\"text-editor.default\">\n\t\t\t\t\t\t\t\t\t<pre><span style=\"font-family: helvetica, arial, sans-serif;\">Nab\u00edjec\u00ed konektor a mikrofon<\/span><\/pre>\t\t\t\t\t\t\t\t<\/div>\n\t\t\t\t<div class=\"elementor-element elementor-element-088cf98 elementor-widget elementor-widget-text-editor\" data-id=\"088cf98\" data-element_type=\"widget\" data-e-type=\"widget\" data-widget_type=\"text-editor.default\">\n\t\t\t\t\t\t\t\t\t<pre><span style=\"font-family: helvetica, arial, sans-serif;\">Reproduktor<\/span><\/pre>\t\t\t\t\t\t\t\t<\/div>\n\t\t\t\t<div class=\"elementor-element elementor-element-a172e02 elementor-widget elementor-widget-text-editor\" data-id=\"a172e02\" data-element_type=\"widget\" data-e-type=\"widget\" data-widget_type=\"text-editor.default\">\n\t\t\t\t\t\t\t\t\t<pre><span style=\"font-family: helvetica, arial, sans-serif;\">Kamera<\/span><\/pre>\t\t\t\t\t\t\t\t<\/div>\n\t\t\t\t<div class=\"elementor-element elementor-element-2495b91 elementor-widget elementor-widget-text-editor\" data-id=\"2495b91\" data-element_type=\"widget\" data-e-type=\"widget\" data-widget_type=\"text-editor.default\">\n\t\t\t\t\t\t\t\t\t<pre><span style=\"font-family: helvetica, arial, sans-serif;\">Zadn\u00ed sklo<\/span><\/pre>\t\t\t\t\t\t\t\t<\/div>\n\t\t\t\t<div class=\"elementor-element elementor-element-47fa738 elementor-widget elementor-widget-text-editor\" data-id=\"47fa738\" data-element_type=\"widget\" data-e-type=\"widget\" data-widget_type=\"text-editor.default\">\n\t\t\t\t\t\t\t\t\t<pre><span style=\"font-family: helvetica, arial, sans-serif;\">R\u00e1m telefonu<\/span><\/pre>\t\t\t\t\t\t\t\t<\/div>\n\t\t\t\t<div class=\"elementor-element elementor-element-cc22275 elementor-widget elementor-widget-text-editor\" data-id=\"cc22275\" data-element_type=\"widget\" data-e-type=\"widget\" data-widget_type=\"text-editor.default\">\n\t\t\t\t\t\t\t\t\t<pre><span style=\"font-family: helvetica, arial, sans-serif;\">Nav\u00fd\u0161en\u00ed pam\u011bti \u00falo\u017ei\u0161t\u011b <\/span><\/pre>\t\t\t\t\t\t\t\t<\/div>\n\t\t\t\t<div class=\"elementor-element elementor-element-db5360a elementor-widget elementor-widget-text-editor\" data-id=\"db5360a\" data-element_type=\"widget\" data-e-type=\"widget\" data-widget_type=\"text-editor.default\">\n\t\t\t\t\t\t\t\t\t<pre><span style=\"font-family: helvetica, arial, sans-serif;\">Oprava z\u00e1kladn\u00ed desky<\/span><\/pre>\t\t\t\t\t\t\t\t<\/div>\n\t\t\t\t\t<\/div>\n\t\t<\/div>\n\t\t\t\t<div class=\"elementor-column elementor-col-50 elementor-inner-column elementor-element elementor-element-9d59329\" data-id=\"9d59329\" data-element_type=\"column\" data-e-type=\"column\">\n\t\t\t<div class=\"elementor-widget-wrap elementor-element-populated\">\n\t\t\t\t\t\t<div class=\"elementor-element elementor-element-881ef4c elementor-widget elementor-widget-text-editor\" data-id=\"881ef4c\" data-element_type=\"widget\" data-e-type=\"widget\" data-widget_type=\"text-editor.default\">\n\t\t\t\t\t\t\t\t\t<pre><span style=\"color: #00ffff;\">290,-<\/span><\/pre>\t\t\t\t\t\t\t\t<\/div>\n\t\t\t\t<div class=\"elementor-element elementor-element-6fe18a2 elementor-widget elementor-widget-text-editor\" data-id=\"6fe18a2\" data-element_type=\"widget\" data-e-type=\"widget\" data-widget_type=\"text-editor.default\">\n\t\t\t\t\t\t\t\t\t<pre><span style=\"color: #00ffff;\">2490,-<\/span><\/pre>\t\t\t\t\t\t\t\t<\/div>\n\t\t\t\t<div class=\"elementor-element elementor-element-787c851 elementor-widget elementor-widget-text-editor\" data-id=\"787c851\" data-element_type=\"widget\" data-e-type=\"widget\" data-widget_type=\"text-editor.default\">\n\t\t\t\t\t\t\t\t\t<pre><span style=\"color: #00ffff;\">1900,-<\/span><\/pre>\t\t\t\t\t\t\t\t<\/div>\n\t\t\t\t<div class=\"elementor-element elementor-element-95ec82e elementor-widget elementor-widget-text-editor\" data-id=\"95ec82e\" data-element_type=\"widget\" data-e-type=\"widget\" data-widget_type=\"text-editor.default\">\n\t\t\t\t\t\t\t\t\t<pre><span style=\"color: #00ffff;\">1890,-<\/span><\/pre>\t\t\t\t\t\t\t\t<\/div>\n\t\t\t\t<div class=\"elementor-element elementor-element-071a93e elementor-widget elementor-widget-text-editor\" data-id=\"071a93e\" data-element_type=\"widget\" data-e-type=\"widget\" data-widget_type=\"text-editor.default\">\n\t\t\t\t\t\t\t\t\t<pre><span style=\"color: #00ffff;\">2900,-<\/span><\/pre>\t\t\t\t\t\t\t\t<\/div>\n\t\t\t\t<div class=\"elementor-element elementor-element-abe84c9 elementor-widget elementor-widget-text-editor\" data-id=\"abe84c9\" data-element_type=\"widget\" data-e-type=\"widget\" data-widget_type=\"text-editor.default\">\n\t\t\t\t\t\t\t\t\t<pre><span style=\"color: #00ffff;\">1890,-<\/span><\/pre>\t\t\t\t\t\t\t\t<\/div>\n\t\t\t\t<div class=\"elementor-element elementor-element-27a7bb1 elementor-widget elementor-widget-text-editor\" data-id=\"27a7bb1\" data-element_type=\"widget\" data-e-type=\"widget\" data-widget_type=\"text-editor.default\">\n\t\t\t\t\t\t\t\t\t<pre><span style=\"color: #00ffff;\">1390,-<\/span><\/pre>\t\t\t\t\t\t\t\t<\/div>\n\t\t\t\t<div class=\"elementor-element elementor-element-c5e38b5 elementor-widget elementor-widget-text-editor\" data-id=\"c5e38b5\" data-element_type=\"widget\" data-e-type=\"widget\" data-widget_type=\"text-editor.default\">\n\t\t\t\t\t\t\t\t\t<pre><span style=\"color: #00ffff;\">1490,-<\/span><\/pre>\t\t\t\t\t\t\t\t<\/div>\n\t\t\t\t<div class=\"elementor-element elementor-element-39157a2 elementor-widget elementor-widget-text-editor\" data-id=\"39157a2\" data-element_type=\"widget\" data-e-type=\"widget\" data-widget_type=\"text-editor.default\">\n\t\t\t\t\t\t\t\t\t<pre><span style=\"color: #00ffff;\">1290,-<\/span><\/pre>\t\t\t\t\t\t\t\t<\/div>\n\t\t\t\t<div class=\"elementor-element elementor-element-4d1c131 elementor-widget elementor-widget-text-editor\" data-id=\"4d1c131\" data-element_type=\"widget\" data-e-type=\"widget\" data-widget_type=\"text-editor.default\">\n\t\t\t\t\t\t\t\t\t<pre><span style=\"color: #00ffff;\">1890,-<\/span><\/pre>\t\t\t\t\t\t\t\t<\/div>\n\t\t\t\t<div class=\"elementor-element elementor-element-1363430 elementor-widget elementor-widget-text-editor\" data-id=\"1363430\" data-element_type=\"widget\" data-e-type=\"widget\" data-widget_type=\"text-editor.default\">\n\t\t\t\t\t\t\t\t\t<pre><span style=\"color: #00ffff;\">1490,-<\/span><\/pre>\t\t\t\t\t\t\t\t<\/div>\n\t\t\t\t<div class=\"elementor-element elementor-element-cb1686b elementor-widget elementor-widget-text-editor\" data-id=\"cb1686b\" data-element_type=\"widget\" data-e-type=\"widget\" data-widget_type=\"text-editor.default\">\n\t\t\t\t\t\t\t\t\t<pre><span style=\"color: #00ffff;\">2490,-<\/span><\/pre>\t\t\t\t\t\t\t\t<\/div>\n\t\t\t\t<div class=\"elementor-element elementor-element-8511db5 elementor-widget elementor-widget-text-editor\" data-id=\"8511db5\" data-element_type=\"widget\" data-e-type=\"widget\" data-widget_type=\"text-editor.default\">\n\t\t\t\t\t\t\t\t\t<pre><span style=\"color: #00ffff;\"><span style=\"font-size: 12px;\">od<\/span> 2490,-<\/span><\/pre>\t\t\t\t\t\t\t\t<\/div>\n\t\t\t\t<div class=\"elementor-element elementor-element-4bdbdb4 elementor-widget elementor-widget-text-editor\" data-id=\"4bdbdb4\" data-element_type=\"widget\" data-e-type=\"widget\" data-widget_type=\"text-editor.default\">\n\t\t\t\t\t\t\t\t\t<pre><span style=\"color: #00ffff;\"><span style=\"font-size: 12px;\">od<\/span> 2490,-<\/span><\/pre>\t\t\t\t\t\t\t\t<\/div>\n\t\t\t\t\t<\/div>\n\t\t<\/div>\n\t\t\t\t\t<\/div>\n\t\t<\/section>\n\t\t\t\t\t<\/div>\n\t\t<\/div>\n\t\t\t\t<div class=\"elementor-column elementor-col-50 elementor-top-column elementor-element elementor-element-6af0c97\" data-id=\"6af0c97\" data-element_type=\"column\" data-e-type=\"column\" data-settings=\"{&quot;background_background&quot;:&quot;classic&quot;}\">\n\t\t\t<div class=\"elementor-widget-wrap elementor-element-populated\">\n\t\t\t\t\t\t<div class=\"elementor-element elementor-element-e50d765 elementor-widget elementor-widget-image\" data-id=\"e50d765\" data-element_type=\"widget\" data-e-type=\"widget\" data-widget_type=\"image.default\">\n\t\t\t\t\t\t\t\t\t\t\t\t\t\t\t<img fetchpriority=\"high\" decoding=\"async\" width=\"700\" height=\"700\" src=\"https:\/\/applefix.cz\/wp-content\/uploads\/2024\/11\/iphone-se-2nd-gen-colors-1.png\" class=\"attachment-large size-large wp-image-8958\" alt=\"\" srcset=\"https:\/\/applefix.cz\/wp-content\/uploads\/2024\/11\/iphone-se-2nd-gen-colors-1.png 700w, https:\/\/applefix.cz\/wp-content\/uploads\/2024\/11\/iphone-se-2nd-gen-colors-1-300x300.png 300w, https:\/\/applefix.cz\/wp-content\/uploads\/2024\/11\/iphone-se-2nd-gen-colors-1-150x150.png 150w, https:\/\/applefix.cz\/wp-content\/uploads\/2024\/11\/iphone-se-2nd-gen-colors-1-320x320.png 320w, https:\/\/applefix.cz\/wp-content\/uploads\/2024\/11\/iphone-se-2nd-gen-colors-1-600x600.png 600w, https:\/\/applefix.cz\/wp-content\/uploads\/2024\/11\/iphone-se-2nd-gen-colors-1-100x100.png 100w\" sizes=\"(max-width: 700px) 100vw, 700px\" \/>\t\t\t\t\t\t\t\t\t\t\t\t\t\t\t<\/div>\n\t\t\t\t\t<\/div>\n\t\t<\/div>\n\t\t\t\t\t<\/div>\n\t\t<\/section>\n\t\t\t\t<\/div>\n\t\t","protected":false},"excerpt":{"rendered":"<p>Cen\u00edk oprav iPhone SE 2020 iPhone SE 2020 Kompletn\u00ed \u010di\u0161t\u011bn\u00ed telefonu Displej Origin\u00e1l Repasov\u00e1n\u00ed displeje Displej LCD Premium Oprava Touch ID V\u00fdm\u011bna baterie &#8211; Origin\u00e1l V\u00fdm\u011bna baterie &#8211; aftermarket Nab\u00edjec\u00ed konektor a mikrofon Reproduktor Kamera Zadn\u00ed sklo R\u00e1m telefonu Nav\u00fd\u0161en\u00ed pam\u011bti \u00falo\u017ei\u0161t\u011b Oprava z\u00e1kladn\u00ed desky 290,- 2490,- 1900,- 1890,- 2900,- 1890,- 1390,- 1490,- 1290,- 1890,- [&hellip;]<\/p>\n","protected":false},"author":2,"featured_media":0,"parent":7478,"menu_order":0,"comment_status":"closed","ping_status":"closed","template":"elementor_canvas","meta":{"footnotes":""},"class_list":["post-8860","page","type-page","status-publish","hentry"],"_links":{"self":[{"href":"https:\/\/applefix.cz\/pl\/wp-json\/wp\/v2\/pages\/8860","targetHints":{"allow":["GET"]}}],"collection":[{"href":"https:\/\/applefix.cz\/pl\/wp-json\/wp\/v2\/pages"}],"about":[{"href":"https:\/\/applefix.cz\/pl\/wp-json\/wp\/v2\/types\/page"}],"author":[{"embeddable":true,"href":"https:\/\/applefix.cz\/pl\/wp-json\/wp\/v2\/users\/2"}],"replies":[{"embeddable":true,"href":"https:\/\/applefix.cz\/pl\/wp-json\/wp\/v2\/comments?post=8860"}],"version-history":[{"count":3,"href":"https:\/\/applefix.cz\/pl\/wp-json\/wp\/v2\/pages\/8860\/revisions"}],"predecessor-version":[{"id":10062,"href":"https:\/\/applefix.cz\/pl\/wp-json\/wp\/v2\/pages\/8860\/revisions\/10062"}],"up":[{"embeddable":true,"href":"https:\/\/applefix.cz\/pl\/wp-json\/wp\/v2\/pages\/7478"}],"wp:attachment":[{"href":"https:\/\/applefix.cz\/pl\/wp-json\/wp\/v2\/media?parent=8860"}],"curies":[{"name":"wp","href":"https:\/\/api.w.org\/{rel}","templated":true}]}}