{"id":7550,"date":"2024-10-07T16:02:36","date_gmt":"2024-10-07T14:02:36","guid":{"rendered":"https:\/\/applefix.online\/?page_id=7550"},"modified":"2026-04-04T09:38:21","modified_gmt":"2026-04-04T07:38:21","slug":"kontakt","status":"publish","type":"page","link":"https:\/\/applefix.cz\/pl\/kontakt\/","title":{"rendered":"Kontakt"},"content":{"rendered":"<div data-elementor-type=\"wp-page\" data-elementor-id=\"7550\" class=\"elementor elementor-7550\" data-elementor-post-type=\"page\">\n\t\t\t\t<div data-particle_enable=\"false\" data-particle-mobile-disabled=\"false\" class=\"elementor-element elementor-element-3617e74 e-flex e-con-boxed e-con e-parent\" data-id=\"3617e74\" data-element_type=\"container\" data-e-type=\"container\">\n\t\t\t\t\t<div class=\"e-con-inner\">\n\t\t\t\t<div class=\"elementor-element elementor-element-2ede122 elementor-widget elementor-widget-spacer\" data-id=\"2ede122\" data-element_type=\"widget\" data-e-type=\"widget\" data-widget_type=\"spacer.default\">\n\t\t\t\t\t\t\t<div class=\"elementor-spacer\">\n\t\t\t<div class=\"elementor-spacer-inner\"><\/div>\n\t\t<\/div>\n\t\t\t\t\t\t<\/div>\n\t\t<div data-particle_enable=\"false\" data-particle-mobile-disabled=\"false\" class=\"elementor-element elementor-element-3c5d344 e-con-full e-flex e-con e-child\" data-id=\"3c5d344\" data-element_type=\"container\" data-e-type=\"container\">\n\t\t\t\t<div class=\"elementor-element elementor-element-fe38971 elementor-widget elementor-widget-spacer\" data-id=\"fe38971\" data-element_type=\"widget\" data-e-type=\"widget\" data-widget_type=\"spacer.default\">\n\t\t\t\t\t\t\t<div class=\"elementor-spacer\">\n\t\t\t<div class=\"elementor-spacer-inner\"><\/div>\n\t\t<\/div>\n\t\t\t\t\t\t<\/div>\n\t\t\t\t<div class=\"elementor-element elementor-element-3d6c165 lqd-text-tag-h1 elementor-widget elementor-widget-lqd-text\" data-id=\"3d6c165\" data-element_type=\"widget\" data-e-type=\"widget\" data-widget_type=\"lqd-text.default\">\n\t\t\t\t<div class=\"elementor-widget-container\">\n\t\t\t\t\t<h1 class=\"lqd-text-el m-0 p-0\"><span class=\"lqd-text-item relative elementor-repeater-item-edbaa43\">Gdzie mo\u017cna nas znale\u017a\u0107? <\/span><\/h1>\t\t\t\t<\/div>\n\t\t\t\t<\/div>\n\t\t\t\t<div class=\"elementor-element elementor-element-f7e4c2e elementor-absolute elementor-widget elementor-widget-lqd-glow\" data-id=\"f7e4c2e\" data-element_type=\"widget\" data-e-type=\"widget\" data-settings=\"{&quot;_position&quot;:&quot;absolute&quot;}\" data-widget_type=\"lqd-glow.default\">\n\t\t\t\t<div class=\"elementor-widget-container\">\n\t\t\t\t\t\n\t\t<svg class=\"w-full h-full\" width=\"65\" height=\"65\" viewbox=\"0 0 65 65\" fill=\"none\" xmlns=\"http:\/\/www.w3.org\/2000\/svg\" preserveaspectratio=\"none\">\n\t\t\t<circle cx=\"32.5\" cy=\"32.5\" r=\"32.5\" fill=\"url(#paint_f7e4c2e)\"\/>\n\t\t\t<defs>\n\t\t\t\t<lineargradient id=\"paint_f7e4c2e\" x1=\"0\" y1=\"0\" x2=\"65\" y2=\"65\" gradientunits=\"userSpaceOnUse\">\n\t\t\t\t\t<stop offset=\"0\" stop-color=\"#F8A1CE\">\n\t\t\t\t\t\t<animate attributename=\"stop-color\" values=\"#F8A1CE;#b185fe;#003569;#f8f7a1;\" dur=\"17.3s\" repeatcount=\"indefinite\"><\/animate>\n\t\t\t\t\t<\/stop>\n\t\t\t\t\t<stop offset=\"1\" stop-color=\"#ff9c00\">\n\t\t\t\t\t\t<animate attributename=\"stop-color\" values=\"#ff9c00;#6ed5fb;#ff7274;#ff9c00;\" dur=\"17.8s\" repeatcount=\"indefinite\"><\/animate>\n\t\t\t\t\t<\/stop>\n\t\t\t\t<\/lineargradient>\n\t\t\t<\/defs>\n\t\t<\/svg>\n\n\t\t\t\t\t\t<\/div>\n\t\t\t\t<\/div>\n\t\t\t\t<\/div>\n\t\t<div data-particle_enable=\"false\" data-particle-mobile-disabled=\"false\" class=\"elementor-element elementor-element-a16cbf4 e-con-full e-flex e-con e-child\" data-id=\"a16cbf4\" data-element_type=\"container\" data-e-type=\"container\">\n\t\t\t\t<div class=\"elementor-element elementor-element-2fb4e20 lqd-text-tag-h1 elementor-widget elementor-widget-lqd-text\" data-id=\"2fb4e20\" data-element_type=\"widget\" data-e-type=\"widget\" data-widget_type=\"lqd-text.default\">\n\t\t\t\t<div class=\"elementor-widget-container\">\n\t\t\t\t\t<h1 class=\"lqd-text-el m-0 p-0\"><span class=\"lqd-text-item relative elementor-repeater-item-edbaa43 block\">Praga<\/span><span class=\"lqd-text-item relative elementor-repeater-item-2c97aa5 block\">Karl\u00edn<\/span><\/h1>\t\t\t\t<\/div>\n\t\t\t\t<\/div>\n\t\t\t\t<div class=\"elementor-element elementor-element-76acdba elementor-widget elementor-widget-spacer\" data-id=\"76acdba\" data-element_type=\"widget\" data-e-type=\"widget\" data-widget_type=\"spacer.default\">\n\t\t\t\t\t\t\t<div class=\"elementor-spacer\">\n\t\t\t<div class=\"elementor-spacer-inner\"><\/div>\n\t\t<\/div>\n\t\t\t\t\t\t<\/div>\n\t\t\t\t<div class=\"elementor-element elementor-element-3c7d344 elementor-align-start elementor-icon-list--layout-traditional elementor-list-item-link-full_width elementor-widget elementor-widget-icon-list\" data-id=\"3c7d344\" data-element_type=\"widget\" data-e-type=\"widget\" data-widget_type=\"icon-list.default\">\n\t\t\t\t\t\t\t<ul class=\"elementor-icon-list-items\">\n\t\t\t\t\t\t\t<li class=\"elementor-icon-list-item\">\n\t\t\t\t\t\t\t\t\t\t\t<a href=\"tel:704011939\">\n\n\t\t\t\t\t\t\t\t\t\t\t\t<span class=\"elementor-icon-list-icon\">\n\t\t\t\t\t\t\t<i aria-hidden=\"true\" class=\"icon icon-phone1\"><\/i>\t\t\t\t\t\t<\/span>\n\t\t\t\t\t\t\t\t\t\t<span class=\"elementor-icon-list-text\">+420 704 011 939<\/span>\n\t\t\t\t\t\t\t\t\t\t\t<\/a>\n\t\t\t\t\t\t\t\t\t<\/li>\n\t\t\t\t\t\t\t\t<li class=\"elementor-icon-list-item\">\n\t\t\t\t\t\t\t\t\t\t\t<a href=\"https:\/\/www.google.com\/maps\/place\/AppleFix\/@50.0910529,14.4411495,1278m\/data=!3m2!1e3!4b1!4m6!3m5!1s0x470b951965ea9c6f:0xc30f9965a70f2bff!8m2!3d50.0910529!4d14.4437244!16s%2Fg%2F11khs5j9v6?hl=cs-CZ&#038;entry=ttu&#038;g_ep=EgoyMDI0MTEwNi4wIKXMDSoASAFQAw%3D%3D\">\n\n\t\t\t\t\t\t\t\t\t\t\t\t<span class=\"elementor-icon-list-icon\">\n\t\t\t\t\t\t\t<i aria-hidden=\"true\" class=\"icon icon-map-marker1\"><\/i>\t\t\t\t\t\t<\/span>\n\t\t\t\t\t\t\t\t\t\t<span class=\"elementor-icon-list-text\">K\u0159i\u017e\u00edkova 177\/29, Praga - Karl\u00edn<\/span>\n\t\t\t\t\t\t\t\t\t\t\t<\/a>\n\t\t\t\t\t\t\t\t\t<\/li>\n\t\t\t\t\t\t\t\t<li class=\"elementor-icon-list-item\">\n\t\t\t\t\t\t\t\t\t\t\t<a href=\"mailto:info@applefix.cz\">\n\n\t\t\t\t\t\t\t\t\t\t\t\t<span class=\"elementor-icon-list-icon\">\n\t\t\t\t\t\t\t<i aria-hidden=\"true\" class=\"icon icon-email\"><\/i>\t\t\t\t\t\t<\/span>\n\t\t\t\t\t\t\t\t\t\t<span class=\"elementor-icon-list-text\">info@applefix.cz<\/span>\n\t\t\t\t\t\t\t\t\t\t\t<\/a>\n\t\t\t\t\t\t\t\t\t<\/li>\n\t\t\t\t\t\t<\/ul>\n\t\t\t\t\t\t<\/div>\n\t\t\t\t<\/div>\n\t\t<div data-particle_enable=\"false\" data-particle-mobile-disabled=\"false\" class=\"elementor-element elementor-element-abe7d94 e-con-full e-flex e-con e-child\" data-id=\"abe7d94\" data-element_type=\"container\" data-e-type=\"container\">\n\t\t\t\t<\/div>\n\t\t<div data-particle_enable=\"false\" data-particle-mobile-disabled=\"false\" class=\"elementor-element elementor-element-e8749de e-con-full e-flex e-con e-child\" data-id=\"e8749de\" data-element_type=\"container\" data-e-type=\"container\">\n\t\t\t\t<div class=\"elementor-element elementor-element-1e5bcd8 elementor-widget elementor-widget-google_maps\" data-id=\"1e5bcd8\" data-element_type=\"widget\" data-e-type=\"widget\" data-widget_type=\"google_maps.default\">\n\t\t\t\t\t\t\t<div class=\"elementor-custom-embed\">\n\t\t\t<iframe loading=\"lazy\"\n\t\t\t\t\tsrc=\"https:\/\/www.google.com\/maps\/embed\/v1\/place?key=AIzaSyB1nYmCbRDvIW0InP9GLND26q9J_Xw8I-8&#038;q=AppleFix%20K%C5%99i%C5%BE%C3%ADkova%2029%2C%20Praha%20-%20Karl%C3%ADn&#038;zoom=13\"\n\t\t\t\t\ttitle=\"AppleFix K\u0159i\u017e\u00edkova 29, Praga - Karl\u00edn\"\n\t\t\t\t\taria-label=\"AppleFix K\u0159i\u017e\u00edkova 29, Praga - Karl\u00edn\"\n\t\t\t><\/iframe>\n\t\t<\/div>\n\t\t\t\t\t\t<\/div>\n\t\t\t\t<\/div>\n\t\t\t\t\t<\/div>\n\t\t\t\t<\/div>\n\t\t<div data-particle_enable=\"false\" data-particle-mobile-disabled=\"false\" class=\"elementor-element elementor-element-aca4a2c e-flex e-con-boxed e-con e-parent\" data-id=\"aca4a2c\" data-element_type=\"container\" data-e-type=\"container\">\n\t\t\t\t\t<div class=\"e-con-inner\">\n\t\t<div data-particle_enable=\"false\" data-particle-mobile-disabled=\"false\" class=\"elementor-element elementor-element-9bea4fd e-con-full e-flex e-con e-child\" data-id=\"9bea4fd\" data-element_type=\"container\" data-e-type=\"container\">\n\t\t\t\t<div class=\"elementor-element elementor-element-09b2f3a elementor-widget elementor-widget-spacer\" data-id=\"09b2f3a\" data-element_type=\"widget\" data-e-type=\"widget\" data-widget_type=\"spacer.default\">\n\t\t\t\t\t\t\t<div class=\"elementor-spacer\">\n\t\t\t<div class=\"elementor-spacer-inner\"><\/div>\n\t\t<\/div>\n\t\t\t\t\t\t<\/div>\n\t\t\t\t<\/div>\n\t\t<div data-particle_enable=\"false\" data-particle-mobile-disabled=\"false\" class=\"elementor-element elementor-element-60ebc50 e-con-full e-flex e-con e-child\" data-id=\"60ebc50\" data-element_type=\"container\" data-e-type=\"container\">\n\t\t\t\t<div class=\"elementor-element elementor-element-bf0cb19 lqd-text-tag-h1 elementor-widget elementor-widget-lqd-text\" data-id=\"bf0cb19\" data-element_type=\"widget\" data-e-type=\"widget\" data-widget_type=\"lqd-text.default\">\n\t\t\t\t<div class=\"elementor-widget-container\">\n\t\t\t\t\t<h1 class=\"lqd-text-el m-0 p-0\"><span class=\"lqd-text-item relative elementor-repeater-item-edbaa43 block\">Praga<\/span><span class=\"lqd-text-item relative elementor-repeater-item-1e90c67 block\">\nPlac Wac\u0142awa<\/span><\/h1>\t\t\t\t<\/div>\n\t\t\t\t<\/div>\n\t\t\t\t<div class=\"elementor-element elementor-element-8e285a6 elementor-widget elementor-widget-spacer\" data-id=\"8e285a6\" data-element_type=\"widget\" data-e-type=\"widget\" data-widget_type=\"spacer.default\">\n\t\t\t\t\t\t\t<div class=\"elementor-spacer\">\n\t\t\t<div class=\"elementor-spacer-inner\"><\/div>\n\t\t<\/div>\n\t\t\t\t\t\t<\/div>\n\t\t\t\t<div class=\"elementor-element elementor-element-2585bb6 elementor-align-start elementor-icon-list--layout-traditional elementor-list-item-link-full_width elementor-widget elementor-widget-icon-list\" data-id=\"2585bb6\" data-element_type=\"widget\" data-e-type=\"widget\" data-widget_type=\"icon-list.default\">\n\t\t\t\t\t\t\t<ul class=\"elementor-icon-list-items\">\n\t\t\t\t\t\t\t<li class=\"elementor-icon-list-item\">\n\t\t\t\t\t\t\t\t\t\t\t<a href=\"tel:705926236\">\n\n\t\t\t\t\t\t\t\t\t\t\t\t<span class=\"elementor-icon-list-icon\">\n\t\t\t\t\t\t\t<i aria-hidden=\"true\" class=\"icon icon-phone1\"><\/i>\t\t\t\t\t\t<\/span>\n\t\t\t\t\t\t\t\t\t\t<span class=\"elementor-icon-list-text\">+420 705 926 236<\/span>\n\t\t\t\t\t\t\t\t\t\t\t<\/a>\n\t\t\t\t\t\t\t\t\t<\/li>\n\t\t\t\t\t\t\t\t<li class=\"elementor-icon-list-item\">\n\t\t\t\t\t\t\t\t\t\t\t<a href=\"https:\/\/www.google.com\/maps\/place\/AppleFix\/@50.0910529,14.4411495,1278m\/data=!3m2!1e3!4b1!4m6!3m5!1s0x470b951965ea9c6f:0xc30f9965a70f2bff!8m2!3d50.0910529!4d14.4437244!16s%2Fg%2F11khs5j9v6?hl=cs-CZ&#038;entry=ttu&#038;g_ep=EgoyMDI0MTEwNi4wIKXMDSoASAFQAw%3D%3D\">\n\n\t\t\t\t\t\t\t\t\t\t\t\t<span class=\"elementor-icon-list-icon\">\n\t\t\t\t\t\t\t<i aria-hidden=\"true\" class=\"icon icon-map-marker1\"><\/i>\t\t\t\t\t\t<\/span>\n\t\t\t\t\t\t\t\t\t\t<span class=\"elementor-icon-list-text\">853 Na P\u0159\u00edkop\u011b, <\/br>Praga - Nowe Miasto<\/span>\n\t\t\t\t\t\t\t\t\t\t\t<\/a>\n\t\t\t\t\t\t\t\t\t<\/li>\n\t\t\t\t\t\t\t\t<li class=\"elementor-icon-list-item\">\n\t\t\t\t\t\t\t\t\t\t\t<a href=\"mailto:cerna-ruze@applefix.cz\">\n\n\t\t\t\t\t\t\t\t\t\t\t\t<span class=\"elementor-icon-list-icon\">\n\t\t\t\t\t\t\t<i aria-hidden=\"true\" class=\"icon icon-email\"><\/i>\t\t\t\t\t\t<\/span>\n\t\t\t\t\t\t\t\t\t\t<span class=\"elementor-icon-list-text\">cerna-ruze@applefix.cz<\/span>\n\t\t\t\t\t\t\t\t\t\t\t<\/a>\n\t\t\t\t\t\t\t\t\t<\/li>\n\t\t\t\t\t\t<\/ul>\n\t\t\t\t\t\t<\/div>\n\t\t\t\t<\/div>\n\t\t\t\t<div class=\"elementor-element elementor-element-a4cca58 elementor-absolute elementor-widget elementor-widget-lqd-glow\" data-id=\"a4cca58\" data-element_type=\"widget\" data-e-type=\"widget\" data-settings=\"{&quot;_position&quot;:&quot;absolute&quot;}\" data-widget_type=\"lqd-glow.default\">\n\t\t\t\t<div class=\"elementor-widget-container\">\n\t\t\t\t\t\n\t\t<svg class=\"w-full h-full\" width=\"65\" height=\"65\" viewbox=\"0 0 65 65\" fill=\"none\" xmlns=\"http:\/\/www.w3.org\/2000\/svg\" preserveaspectratio=\"none\">\n\t\t\t<circle cx=\"32.5\" cy=\"32.5\" r=\"32.5\" fill=\"url(#paint_a4cca58)\"\/>\n\t\t\t<defs>\n\t\t\t\t<lineargradient id=\"paint_a4cca58\" x1=\"0\" y1=\"0\" x2=\"65\" y2=\"65\" gradientunits=\"userSpaceOnUse\">\n\t\t\t\t\t<stop offset=\"0\" stop-color=\"#f8f7a1\">\n\t\t\t\t\t\t<animate attributename=\"stop-color\" values=\"#f8f7a1;#b185fe;#00B2FF;#f8f7a1;\" dur=\"15.1s\" repeatcount=\"indefinite\"><\/animate>\n\t\t\t\t\t<\/stop>\n\t\t\t\t\t<stop offset=\"1\" stop-color=\"#6ed5fb\">\n\t\t\t\t\t\t<animate attributename=\"stop-color\" values=\"#6ed5fb;#0002FF;#00EAFF;#ff7274;\" dur=\"15.3s\" repeatcount=\"indefinite\"><\/animate>\n\t\t\t\t\t<\/stop>\n\t\t\t\t<\/lineargradient>\n\t\t\t<\/defs>\n\t\t<\/svg>\n\n\t\t\t\t\t\t<\/div>\n\t\t\t\t<\/div>\n\t\t<div data-particle_enable=\"false\" data-particle-mobile-disabled=\"false\" class=\"elementor-element elementor-element-e9f249b e-con-full e-flex e-con e-child\" data-id=\"e9f249b\" data-element_type=\"container\" data-e-type=\"container\">\n\t\t\t\t<\/div>\n\t\t<div data-particle_enable=\"false\" data-particle-mobile-disabled=\"false\" class=\"elementor-element elementor-element-40197cb e-con-full e-flex e-con e-child\" data-id=\"40197cb\" data-element_type=\"container\" data-e-type=\"container\">\n\t\t\t\t<div class=\"elementor-element elementor-element-0f4f263 elementor-widget elementor-widget-google_maps\" data-id=\"0f4f263\" data-element_type=\"widget\" data-e-type=\"widget\" data-widget_type=\"google_maps.default\">\n\t\t\t\t\t\t\t<div class=\"elementor-custom-embed\">\n\t\t\t<iframe loading=\"lazy\"\n\t\t\t\t\tsrc=\"https:\/\/www.google.com\/maps\/embed\/v1\/place?key=AIzaSyB1nYmCbRDvIW0InP9GLND26q9J_Xw8I-8&#038;q=AppleFix%20Na%20P%C5%99%C3%ADkop%C4%9B%20853%2F12%2C%20%20Praha%20-%20Nov%C3%A9%20M%C4%9Bsto&#038;zoom=13\"\n\t\t\t\t\ttitle=\"AppleFix Na P\u0159\u00edkop\u011b 853\/12, Praga - Nowe Miasto\"\n\t\t\t\t\taria-label=\"AppleFix Na P\u0159\u00edkop\u011b 853\/12, Praga - Nowe Miasto\"\n\t\t\t><\/iframe>\n\t\t<\/div>\n\t\t\t\t\t\t<\/div>\n\t\t\t\t<\/div>\n\t\t\t\t\t<\/div>\n\t\t\t\t<\/div>\n\t\t\t\t<\/div>","protected":false},"excerpt":{"rendered":"<p>Gdzie mo\u017cna nas znale\u017a\u0107? PrahaKarl\u00edn +420 704 011 939 K\u0159i\u017e\u00edkova 177\/29, Praga - Karl\u00edn info@applefix.cz Praga Plac Wac\u0142awa +420 705 926 236 Na P\u0159\u00edkop\u011b 853, Praga - Nov\u00e9 M\u011bsto cerna-ruze@applefix.cz<\/p>","protected":false},"author":2,"featured_media":0,"parent":0,"menu_order":0,"comment_status":"closed","ping_status":"closed","template":"elementor_theme","meta":{"footnotes":""},"class_list":["post-7550","page","type-page","status-publish","hentry"],"_links":{"self":[{"href":"https:\/\/applefix.cz\/pl\/wp-json\/wp\/v2\/pages\/7550","targetHints":{"allow":["GET"]}}],"collection":[{"href":"https:\/\/applefix.cz\/pl\/wp-json\/wp\/v2\/pages"}],"about":[{"href":"https:\/\/applefix.cz\/pl\/wp-json\/wp\/v2\/types\/page"}],"author":[{"embeddable":true,"href":"https:\/\/applefix.cz\/pl\/wp-json\/wp\/v2\/users\/2"}],"replies":[{"embeddable":true,"href":"https:\/\/applefix.cz\/pl\/wp-json\/wp\/v2\/comments?post=7550"}],"version-history":[{"count":93,"href":"https:\/\/applefix.cz\/pl\/wp-json\/wp\/v2\/pages\/7550\/revisions"}],"predecessor-version":[{"id":11651,"href":"https:\/\/applefix.cz\/pl\/wp-json\/wp\/v2\/pages\/7550\/revisions\/11651"}],"wp:attachment":[{"href":"https:\/\/applefix.cz\/pl\/wp-json\/wp\/v2\/media?parent=7550"}],"curies":[{"name":"wp","href":"https:\/\/api.w.org\/{rel}","templated":true}]}}