{"id":8702,"date":"2024-10-28T21:38:51","date_gmt":"2024-10-28T19:38:51","guid":{"rendered":"https:\/\/applefix.online\/?page_id=8702"},"modified":"2024-11-11T12:24:30","modified_gmt":"2024-11-11T10:24:30","slug":"diagnostika-zavady-na-vasem-zarizeni","status":"publish","type":"page","link":"https:\/\/applefix.cz\/en\/diagnostika-zavady-na-vasem-zarizeni\/","title":{"rendered":"Diagnostika z\u00e1vady na va\u0161em za\u0159\u00edzen\u00ed"},"content":{"rendered":"\t\t<div data-elementor-type=\"wp-page\" data-elementor-id=\"8702\" class=\"elementor elementor-8702\" data-elementor-post-type=\"page\">\n\t\t\t\t<div data-particle_enable=\"false\" data-particle-mobile-disabled=\"false\" class=\"elementor-element elementor-element-146c6c8d e-con-full e-flex e-con e-parent\" data-id=\"146c6c8d\" data-element_type=\"container\" data-e-type=\"container\" data-settings=\"{&quot;background_background&quot;:&quot;gradient&quot;}\">\n\t\t<div data-particle_enable=\"false\" data-particle-mobile-disabled=\"false\" class=\"elementor-element elementor-element-2997c483 e-con-full e-flex e-con e-child\" data-id=\"2997c483\" data-element_type=\"container\" data-e-type=\"container\">\n\t\t\t\t<div class=\"elementor-element elementor-element-23758eb0 elementor-widget__width-inherit lqd-text-tag-h1 elementor-widget-mobile__width-inherit elementor-widget elementor-widget-lqd-text\" data-id=\"23758eb0\" data-element_type=\"widget\" data-e-type=\"widget\" data-widget_type=\"lqd-text.default\" data-lqd-has-inner-animatables=\"true\">\n\t\t\t\t<div class=\"elementor-widget-container\">\n\t\t\t\t\t<h1 class=\"lqd-text-el m-0 p-0\" data-lqd-split-text-el=\"1\" data-lqd-split-type=\"words\"><span class=\"lqd-text-item relative elementor-repeater-item-7a9991d block\"><span class=\"lqd-split-text-words inline-flex bg-inherit relative\" data-lqd-inner-animatable-el>Pom\u016f\u017eeme<\/span>&nbsp;<span class=\"lqd-split-text-words inline-flex bg-inherit relative\" data-lqd-inner-animatable-el>V\u00e1m<\/span><\/span><span class=\"lqd-text-item relative elementor-repeater-item-5f90b08 block\"><span class=\"lqd-split-text-words inline-flex bg-inherit relative\" data-lqd-inner-animatable-el>s<\/span>&nbsp;<span class=\"lqd-split-text-words inline-flex bg-inherit relative\" data-lqd-inner-animatable-el><\/span>&nbsp;<span class=\"lqd-split-text-words inline-flex bg-inherit relative\" data-lqd-inner-animatable-el>diagnostikou<\/span>&nbsp;<span class=\"lqd-split-text-words inline-flex bg-inherit relative\" data-lqd-inner-animatable-el>z\u00e1vady<\/span><\/span><span class=\"lqd-text-item relative elementor-repeater-item-48ae8c2 block\"><span class=\"lqd-split-text-words inline-flex bg-inherit relative\" data-lqd-inner-animatable-el>24\/7<\/span>&nbsp;<span class=\"lqd-split-text-words inline-flex bg-inherit relative\" data-lqd-inner-animatable-el><\/span>&nbsp;<span class=\"lqd-split-text-words inline-flex bg-inherit relative\" data-lqd-inner-animatable-el><\/span><span class=\"lqd-split-text-words inline-flex\" data-lqd-inner-animatable-el><img decoding=\"async\" width=\"164\" height=\"164\" src=\"https:\/\/applefix.cz\/wp-content\/uploads\/2024\/10\/icon_esos__bo39pku44j5y_large_2x.png\" class=\"lqd-text-img relative inline-flex\" alt=\"\" srcset=\"https:\/\/applefix.cz\/wp-content\/uploads\/2024\/10\/icon_esos__bo39pku44j5y_large_2x.png 164w, https:\/\/applefix.cz\/wp-content\/uploads\/2024\/10\/icon_esos__bo39pku44j5y_large_2x-150x150.png 150w\" sizes=\"(max-width: 164px) 100vw, 164px\" \/><\/span><\/span><\/h1>\t\t\t\t<\/div>\n\t\t\t\t<\/div>\n\t\t<style>.elementor-element-23758eb0 .lqd-split-text-words {\n   transform: translate3d(0px,30px,0px) scale(1, 1) rotateX(0deg) rotateY(0deg) rotateZ(0deg) skew(0deg, 0deg);\n   opacity: 0;\n}\n<\/style><script>\n\t\twindow.liquid.behaviors.push( {\n\t\t\tdataId: \"23758eb0\",\n\t\t\tbehaviors:[\n\t\t\t\t{behaviorName:'liquidSplitText',options:{splitDoneFromBackend:true,splitType:'words'}},{behaviorName:'liquidGetElementComputedStyles',options:{includeSelf:true,getRect:true,addGhosts:true}},{behaviorName:'liquidAnimations',options:{domain:'inview',trigger:'ghost',duration:0.65,ease:'expo.out',stagger:{each:0.065,from:'start'},delay:0.1,start:'top+=30px bottom',startElementOffset:0,startViewportOffset:0,animations:[{elements:'selfAnimatables',breakpointsKeyframes:{all:{keyframes:[{scaleX:1,scaleY:1,skewX:0,skewY:0,x:'0px',y:'0px',z:'0px',rotateX:0,rotateY:0,rotateZ:0,opacity:1}]}}}]}},\n\t\t\t]\n\t\t} );\n\t\t\n\t\t<\/script>\t\t<div class=\"elementor-element elementor-element-13b38bec lqd-text-tag-p elementor-widget__width-initial elementor-widget-mobile__width-inherit elementor-widget elementor-widget-lqd-text\" data-id=\"13b38bec\" data-element_type=\"widget\" data-e-type=\"widget\" data-widget_type=\"lqd-text.default\" data-lqd-has-inner-animatables=\"true\">\n\t\t\t\t<div class=\"elementor-widget-container\">\n\t\t\t\t\t<p class=\"lqd-text-el m-0 p-0\" data-lqd-split-text-el=\"1\" data-lqd-split-type=\"words\"><span class=\"lqd-text-item relative elementor-repeater-item-cc11cd8\"><span class=\"lqd-split-text-words inline-flex bg-inherit relative\" data-lqd-inner-animatable-el>Funkce<\/span>&nbsp;<span class=\"lqd-split-text-words inline-flex bg-inherit relative\" data-lqd-inner-animatable-el>je<\/span>&nbsp;<span class=\"lqd-split-text-words inline-flex bg-inherit relative\" data-lqd-inner-animatable-el>dostupn\u00e1<\/span>&nbsp;<span class=\"lqd-split-text-words inline-flex bg-inherit relative\" data-lqd-inner-animatable-el>pouze<\/span>&nbsp;<span class=\"lqd-split-text-words inline-flex bg-inherit relative\" data-lqd-inner-animatable-el>registrovan\u00fdm<\/span>&nbsp;<span class=\"lqd-split-text-words inline-flex bg-inherit relative\" data-lqd-inner-animatable-el>klient\u016fm.<\/span>&nbsp;<span class=\"lqd-split-text-words inline-flex bg-inherit relative\" data-lqd-inner-animatable-el>Pokud<\/span>&nbsp;<span class=\"lqd-split-text-words inline-flex bg-inherit relative\" data-lqd-inner-animatable-el>chcete<\/span>&nbsp;<span class=\"lqd-split-text-words inline-flex bg-inherit relative\" data-lqd-inner-animatable-el>funkci<\/span>&nbsp;<span class=\"lqd-split-text-words inline-flex bg-inherit relative\" data-lqd-inner-animatable-el>vyu\u017e\u00edt,<\/span>&nbsp;<span class=\"lqd-split-text-words inline-flex bg-inherit relative\" data-lqd-inner-animatable-el>p\u0159ihlaste<\/span>&nbsp;<span class=\"lqd-split-text-words inline-flex bg-inherit relative\" data-lqd-inner-animatable-el>se<\/span>&nbsp;<span class=\"lqd-split-text-words inline-flex bg-inherit relative\" data-lqd-inner-animatable-el><\/span><\/span><span class=\"lqd-text-item relative elementor-repeater-item-d890752\"><span class=\"lqd-split-text-words inline-flex bg-inherit relative\" data-lqd-inner-animatable-el>|ZDE|<\/span><\/span><\/p>\t\t\t\t<\/div>\n\t\t\t\t<\/div>\n\t\t<style>.elementor-element-13b38bec .lqd-split-text-words {\n   transform: translate3d(0px,20px,0px) scale(1, 1) rotateX(0deg) rotateY(0deg) rotateZ(0deg) skew(0deg, 0deg);\n   opacity: 0;\n}\n<\/style><script>\n\t\twindow.liquid.behaviors.push( {\n\t\t\tdataId: \"13b38bec\",\n\t\t\tbehaviors:[\n\t\t\t\t{behaviorName:'liquidSplitText',options:{splitDoneFromBackend:true,splitType:'words'}},{behaviorName:'liquidGetElementComputedStyles',options:{includeSelf:true,getRect:true,addGhosts:true}},{behaviorName:'liquidAnimations',options:{domain:'inview',trigger:'ghost',duration:0.65,ease:'expo.out',stagger:{each:0.025,from:'start'},delay:0.4,start:'top+=30px bottom',startElementOffset:0,startViewportOffset:0,animations:[{elements:'selfAnimatables',breakpointsKeyframes:{all:{keyframes:[{scaleX:1,scaleY:1,skewX:0,skewY:0,x:'0px',y:'0px',z:'0px',rotateX:0,rotateY:0,rotateZ:0,opacity:1}]}}}]}},\n\t\t\t]\n\t\t} );\n\t\t\n\t\t<\/script>\t\t<div class=\"elementor-element elementor-element-179d018 elementor-widget__width-initial elementor-absolute elementor-widget elementor-widget-lqd-image\" data-id=\"179d018\" data-element_type=\"widget\" data-e-type=\"widget\" data-settings=\"{&quot;_position&quot;:&quot;absolute&quot;}\" data-widget_type=\"lqd-image.default\">\n\t\t\t\t<div class=\"elementor-widget-container\">\n\t\t\t\t\t\n\t\t<figure class=\"inline-block relative align-middle overflow-hidden lqd-transform-perspective transition-colors\" data-lqd-look-at-mouse data-lqd-hover3d-el>\n\n\t\t\t\n\t\t\t\t\n\t\t\t\t<img fetchpriority=\"high\" decoding=\"async\" width=\"1024\" height=\"1024\" src=\"https:\/\/applefix.cz\/wp-content\/uploads\/2024\/11\/DALL\u00b7E-2024-10-30-05.06.55-A-small-AI-mascot-styled-as-a-mechanic-for-the-website-AppleFix.online-with-a-futuristic-look.-The-character-appears-ready-to-help-with-Apple-devic.png\" class=\"attachment-full size-full wp-image-9306\" alt=\"\" srcset=\"https:\/\/applefix.cz\/wp-content\/uploads\/2024\/11\/DALL\u00b7E-2024-10-30-05.06.55-A-small-AI-mascot-styled-as-a-mechanic-for-the-website-AppleFix.online-with-a-futuristic-look.-The-character-appears-ready-to-help-with-Apple-devic.png 1024w, https:\/\/applefix.cz\/wp-content\/uploads\/2024\/11\/DALL\u00b7E-2024-10-30-05.06.55-A-small-AI-mascot-styled-as-a-mechanic-for-the-website-AppleFix.online-with-a-futuristic-look.-The-character-appears-ready-to-help-with-Apple-devic-300x300.png 300w, https:\/\/applefix.cz\/wp-content\/uploads\/2024\/11\/DALL\u00b7E-2024-10-30-05.06.55-A-small-AI-mascot-styled-as-a-mechanic-for-the-website-AppleFix.online-with-a-futuristic-look.-The-character-appears-ready-to-help-with-Apple-devic-150x150.png 150w\" sizes=\"(max-width: 1024px) 100vw, 1024px\" \/>\n\t\t\t\t\n\t\t\t\t\n\t\t\t\t\n\t\t\t\n\t\t\t\n\t\t<\/figure>\n\n\t\t\t\t\t\t<\/div>\n\t\t\t\t<\/div>\n\t\t<script>\n\t\twindow.liquid.behaviors.push( {\n\t\t\tdataId: \"179d018\",\n\t\t\tbehaviors:[\n\t\t\t\t{behaviorName:'liquidHover3d',options:{intensity:0.5}},\n\t\t\t]\n\t\t} );\n\t\t\n\t\t<\/script><div data-particle_enable=\"false\" data-particle-mobile-disabled=\"false\" class=\"elementor-element elementor-element-68e2b15f e-con-full e-flex e-con e-child\" data-id=\"68e2b15f\" data-element_type=\"container\" data-e-type=\"container\" data-settings=\"{&quot;background_background&quot;:&quot;classic&quot;}\">\n\t\t\t\t<div class=\"elementor-element elementor-element-7adf4f4c lqd-text-tag-h6 elementor-widget elementor-widget-lqd-text\" data-id=\"7adf4f4c\" data-element_type=\"widget\" data-e-type=\"widget\" data-widget_type=\"lqd-text.default\" data-lqd-has-inner-animatables=\"true\">\n\t\t\t\t<div class=\"elementor-widget-container\">\n\t\t\t\t\t<h6 class=\"lqd-text-el m-0 p-0\" data-lqd-split-text-el=\"1\" data-lqd-split-type=\"words\"><span class=\"lqd-text-item relative elementor-repeater-item-fd0a266\"><span class=\"lqd-split-text-words inline-flex bg-inherit relative\" data-lqd-inner-animatable-el>Jak<\/span>&nbsp;<span class=\"lqd-split-text-words inline-flex bg-inherit relative\" data-lqd-inner-animatable-el>v\u00e1m<\/span>&nbsp;<span class=\"lqd-split-text-words inline-flex bg-inherit relative\" data-lqd-inner-animatable-el>mohu<\/span>&nbsp;<span class=\"lqd-split-text-words inline-flex bg-inherit relative\" data-lqd-inner-animatable-el>pomoci?<\/span><\/span><\/h6>\t\t\t\t<\/div>\n\t\t\t\t<\/div>\n\t\t<style>.elementor-element-7adf4f4c .lqd-split-text-words {\n   transform: translate3d(0px,20px,0px) scale(1, 1) rotateX(0deg) rotateY(0deg) rotateZ(0deg) skew(0deg, 0deg);\n   opacity: 0;\n}\n<\/style><script>\n\t\twindow.liquid.behaviors.push( {\n\t\t\tdataId: \"7adf4f4c\",\n\t\t\tbehaviors:[\n\t\t\t\t{behaviorName:'liquidSplitText',options:{splitDoneFromBackend:true,splitType:'words'}},{behaviorName:'liquidGetElementComputedStyles',options:{includeSelf:true,getRect:true,addGhosts:true}},{behaviorName:'liquidAnimations',options:{domain:'inview',trigger:'ghost',duration:0.65,ease:'expo.out',stagger:{each:0.065,from:'start'},delay:0,start:'top+=30px bottom',startElementOffset:0,startViewportOffset:0,animations:[{elements:'selfAnimatables',breakpointsKeyframes:{all:{keyframes:[{scaleX:1,scaleY:1,skewX:0,skewY:0,x:'0px',y:'0px',z:'0px',rotateX:0,rotateY:0,rotateZ:0,opacity:1}]}}}]}},\n\t\t\t]\n\t\t} );\n\t\t\n\t\t<\/script>\t\t<div class=\"elementor-element elementor-element-5f3f8883 elementor-widget elementor-widget-lqd-chatgpt\" data-id=\"5f3f8883\" data-element_type=\"widget\" data-e-type=\"widget\" data-widget_type=\"lqd-chatgpt.default\">\n\t\t\t\t<div class=\"elementor-widget-container\">\n\t\t\t\t\t\t\t<div class=\"lqd-chatgpt flex flex-col\">\n\t\t\t<form class=\"lqd-chatgpt--form flex items-center relative\" action=\"lqd-chatgpt\" medhod=\"post\" data-options=\"{&quot;l&quot;:&quot;yes&quot;,&quot;label_typing&quot;:&quot;P\\u00ed\\u0161e...&quot;}\">\n\t\t\t\t\t\t\t<span class=\"lqd-outline-glow lqd-outline-glow-form lqd-outline-glow-effect-2 inline-block rounded-inherit absolute pointer-events-none\">\n\t\t\t\t<span class=\"lqd-outline-glow-inner inline-block min-w-full min-h-full rounded-inherit aspect-square absolute top-1\/2 start-1\/2\"><\/span>\n\t\t\t<\/span>\n\t\t\t\t\t\t<div class=\"lqd-chatgpt--input-wrap flex w-full relative\">\n\t\t\t\t\t\t\t\t<span class=\"lqd-outline-glow lqd-outline-glow-input lqd-outline-glow-effect-1 inline-block rounded-inherit absolute pointer-events-none\">\n\t\t\t\t<span class=\"lqd-outline-glow-inner inline-block min-w-full min-h-full rounded-inherit aspect-square absolute top-1\/2 start-1\/2\"><\/span>\n\t\t\t<\/span>\n\t\t\t\t\t\t\t<input class=\"lqd-chatgpt--input w-full relative\" type=\"text\" id=\"prompt\" name=\"prompt\" maxlength=\"1000\" autocomplete=\"off\" placeholder=\"M\u00e1m iPhone 11 Pro, a od v\u010dera se mi st\u00e1le dokola restartuje\" required>\n\t\t\t\t<\/div>\n\t\t\t\t<input type=\"hidden\" id=\"security\" name=\"security\" value=\"cb55243a30\" \/><input type=\"hidden\" name=\"_wp_http_referer\" value=\"\/en\/wp-json\/wp\/v2\/pages\/8702\" \/>\t\t\t\t\n\t\t<button role=\"button\" class=\"lqd-btn inline-flex items-center relative lqd-group lqd-group-btn lqd-btn-has-bg lqd-btn-has-hover-bg\" data-lqd-local-scroll-el=\"\" type=\"submit\"><span class=\"lqd-outline-glow lqd-outline-glow-effect-2 inline-block rounded-inherit absolute pointer-events-none\">\n\t\t\t<span class=\"lqd-outline-glow-inner inline-block min-w-full min-h-full rounded-inherit aspect-square absolute top-1\/2 start-1\/2\"><\/span>\n\t\t<\/span><span class=\"lqd-bg-el rounded-inherit transition-opacity lqd-group-btn-hover:opacity-0 hidden-if-empty\"><span class=\"lqd-bg-layer lqd-animated-gradient-wrap lqd-bg-animated-gradient-wrap block w-full h-full rounded-inherit overflow-hidden elementor-repeater-item-605a7cd-5f3f8883 absolute top-0 start-0 z-0\">\n\t\t\t<svg width=\"100\" height=\"100\" class=\"absolute top-0 start-0 w-full h-full\" preserveAspectRatio=\"none\">\n\t\t\t\t<defs>\n\t\t\t\t\t<linearGradient id=\"lqd-bg-gradient-5f3f8883\" x1=\"0.088163490354232\" y1=\"0\" x2=\"0.91183650964577\" y2=\"1\">\n\t\t\t\t\t\t<stop offset=\"0%\" stop-color=\"#06B3E4\">\n\t\t\t\t\t\t\t<animate dur=\"8\" repeatCount=\"indefinite\" attributeName=\"stop-color\" values=\"#06B3E4;#4364FF;#06B3E4\"><\/animate>\n\t\t\t\t\t\t<\/stop>\n\t\t\t\t\t\t<stop offset=\"100%\" stop-color=\"#05FDF7\">\n\t\t\t\t\t\t\t<animate dur=\"8\" repeatCount=\"indefinite\" attributeName=\"stop-color\" values=\"#05FDF7;#4364FF;#05FDF7\"><\/animate>\n\t\t\t\t\t\t<\/stop>\n\t\t\t\t\t<\/linearGradient>\n\t\t\t\t<\/defs>\n\t\t\t\t<rect width=\"100%\" height=\"100%\" class=\"w-full h-full\" fill=\"url(#lqd-bg-gradient-5f3f8883)\" \/>\n\t\t\t<\/svg>\n\t\t<\/span><\/span><span class=\"lqd-hover-bg-el lqd-el-visible-on-hover rounded-inherit transition-opacity opacity-0 lqd-group-btn-hover:opacity-100 hidden-if-empty\"><span class=\"lqd-bg-layer lqd-color-wrap lqd-bg-color-wrap block w-full h-full rounded-inherit overflow-hidden elementor-repeater-item-1eff545-5f3f8883 absolute top-0 start-0 z-0\"><\/span><\/span>\n\t\t\t<span class=\"lqd-btn-txt relative z-1\">Odeslat<\/span><span class=\"lqd-btn-icon inline-flex items-center justify-center relative z-1\"><svg xmlns=\"http:\/\/www.w3.org\/2000\/svg\" width=\"17\" height=\"17\" viewBox=\"0 0 17 17\" fill=\"none\"><path fill-rule=\"evenodd\" clip-rule=\"evenodd\" d=\"M8.09883 8.84701C8.09883 8.84701 -1.38268 6.88558 1.91219 4.98356C4.69265 3.37862 14.2749 0.619221 15.6136 1.3322C16.3266 2.6709 13.5672 12.2532 11.9623 15.0337C10.0603 18.3285 8.09883 8.84701 8.09883 8.84701Z\" stroke=\"currentColor\" stroke-width=\"1.2\" stroke-linecap=\"round\" stroke-linejoin=\"round\"><\/path><path d=\"M8.09882 8.84685L15.6136 1.33203\" stroke=\"currentColor\" stroke-width=\"1.2\" stroke-linecap=\"round\" stroke-linejoin=\"round\"><\/path><\/svg><\/span><\/button>\n\n\t\t\t\t\t\t\t\t\t<\/form>\n\n\t\t\t<div class=\"lqd-chatgpt--results flex flex-col justify-center\">\n\t\t\t\t<div class=\"lqd-chatgpt--results-messages w-full flex flex-col relative overflow-auto\"><\/div>\n\t\t\t\t<div class=\"lqd-chatgpt--alert lqd-chatgpt--results-error_login\">Mus\u00edte se prvn\u011b p\u0159ihl\u00e1sit<\/div>\n\t\t\t\t<div class=\"lqd-chatgpt--alert lqd-chatgpt--results-error_limit\">Dos\u00e1hli jste maxim\u00e1ln\u00edho limito zpr\u00e1v. Zkuste to pros\u00edm znovu za hodinu.<\/div>\n\t\t\t<\/div>\n\n\t\t<\/div>\n\n\t\t\t\t\t\t<\/div>\n\t\t\t\t<\/div>\n\t\t<style>.elementor-element-5f3f8883 .elementor-repeater-item-605a7cd-5f3f8883{opacity:0}.elementor-element-5f3f8883 .elementor-repeater-item-1eff545-5f3f8883{opacity:0;background-color:#000000}@media (max-width:1200px){.elementor-element-5f3f8883 .elementor-repeater-item-605a7cd-5f3f8883{opacity:0}.elementor-element-5f3f8883 .elementor-repeater-item-1eff545-5f3f8883{opacity:0}}@media (max-width:1000px){.elementor-element-5f3f8883 .elementor-repeater-item-605a7cd-5f3f8883{opacity:0}.elementor-element-5f3f8883 .elementor-repeater-item-1eff545-5f3f8883{opacity:0}}<\/style>\t\t<\/div>\n\t\t<style>.elementor-element-68e2b15f {\n   transform: translate3d(0px,60px,0px) scale(1, 1) rotateX(0deg) rotateY(0deg) rotateZ(0deg) skew(20deg, 0deg);\n   opacity: 0;\n}\n<\/style><script>\n\t\twindow.liquid.behaviors.push( {\n\t\t\tdataId: \"68e2b15f\",\n\t\t\tbehaviors:[\n\t\t\t\t{behaviorName:'liquidGetElementComputedStyles',options:{includeSelf:true,getRect:true,addGhosts:true}},{behaviorName:'liquidAnimations',options:{domain:'inview',trigger:'ghost',duration:0.65,ease:'expo.out',stagger:{each:0.065,from:'start'},delay:0.5,start:'top+=30px bottom',startElementOffset:0,startViewportOffset:0,animations:[{elements:'self',breakpointsKeyframes:{all:{keyframes:[{scaleX:1,scaleY:1,skewX:0,skewY:0,x:'0px',y:'0px',z:'0px',rotateX:0,rotateY:0,rotateZ:0,opacity:1}]}}}]}},\n\t\t\t]\n\t\t} );\n\t\t\n\t\t<\/script>\t\t<\/div>\n\t\t\t\t<\/div>\n\t\t\t\t<\/div>\n\t\t","protected":false},"excerpt":{"rendered":"<p>Pom\u016f\u017eeme&nbsp;V\u00e1ms&nbsp;&nbsp;diagnostikou&nbsp;z\u00e1vady24\/7&nbsp;&nbsp; Funkce&nbsp;je&nbsp;dostupn\u00e1&nbsp;pouze&nbsp;registrovan\u00fdm&nbsp;klient\u016fm.&nbsp;Pokud&nbsp;chcete&nbsp;funkci&nbsp;vyu\u017e\u00edt,&nbsp;p\u0159ihlaste&nbsp;se&nbsp;|ZDE| Jak&nbsp;v\u00e1m&nbsp;mohu&nbsp;pomoci? Odeslat Mus\u00edte se prvn\u011b p\u0159ihl\u00e1sit Dos\u00e1hli jste maxim\u00e1ln\u00edho limito zpr\u00e1v. Zkuste to pros\u00edm znovu za hodinu.<\/p>","protected":false},"author":2,"featured_media":0,"parent":0,"menu_order":0,"comment_status":"closed","ping_status":"closed","template":"elementor_canvas","meta":{"footnotes":""},"class_list":["post-8702","page","type-page","status-publish","hentry"],"_links":{"self":[{"href":"https:\/\/applefix.cz\/en\/wp-json\/wp\/v2\/pages\/8702","targetHints":{"allow":["GET"]}}],"collection":[{"href":"https:\/\/applefix.cz\/en\/wp-json\/wp\/v2\/pages"}],"about":[{"href":"https:\/\/applefix.cz\/en\/wp-json\/wp\/v2\/types\/page"}],"author":[{"embeddable":true,"href":"https:\/\/applefix.cz\/en\/wp-json\/wp\/v2\/users\/2"}],"replies":[{"embeddable":true,"href":"https:\/\/applefix.cz\/en\/wp-json\/wp\/v2\/comments?post=8702"}],"version-history":[{"count":18,"href":"https:\/\/applefix.cz\/en\/wp-json\/wp\/v2\/pages\/8702\/revisions"}],"predecessor-version":[{"id":9470,"href":"https:\/\/applefix.cz\/en\/wp-json\/wp\/v2\/pages\/8702\/revisions\/9470"}],"wp:attachment":[{"href":"https:\/\/applefix.cz\/en\/wp-json\/wp\/v2\/media?parent=8702"}],"curies":[{"name":"wp","href":"https:\/\/api.w.org\/{rel}","templated":true}]}}