{"id":10503,"date":"2025-02-22T13:25:06","date_gmt":"2025-02-22T12:25:06","guid":{"rendered":"https:\/\/applefix.cz\/?page_id=10503"},"modified":"2025-02-23T20:35:41","modified_gmt":"2025-02-23T19:35:41","slug":"iphone_16_128gb","status":"publish","type":"page","link":"https:\/\/applefix.cz\/en\/o-nas\/cenik_vykupu\/iphone\/iphone_16\/iphone_16_128gb\/","title":{"rendered":"iPhone 16 &#8211; 128GB"},"content":{"rendered":"\t\t<div data-elementor-type=\"wp-page\" data-elementor-id=\"10503\" class=\"elementor elementor-10503\" data-elementor-post-type=\"page\">\n\t\t\t\t<div data-particle_enable=\"false\" data-particle-mobile-disabled=\"false\" class=\"elementor-element elementor-element-7b9ce1d e-flex e-con-boxed e-con e-parent\" data-id=\"7b9ce1d\" data-element_type=\"container\" data-e-type=\"container\">\n\t\t\t\t\t<div class=\"e-con-inner\">\n\t\t\t\t<div class=\"elementor-element elementor-element-a91ae8f lqd-text-tag-h2 elementor-widget elementor-widget-lqd-text\" data-id=\"a91ae8f\" data-element_type=\"widget\" data-e-type=\"widget\" data-widget_type=\"lqd-text.default\">\n\t\t\t\t<div class=\"elementor-widget-container\">\n\t\t\t\t\t<h2 class=\"lqd-text-el m-0 p-0\"><span class=\"lqd-text-item relative elementor-repeater-item-0799755 block\">Cen\u00edm v\u00fdkupu<\/span><span class=\"lqd-text-item relative elementor-repeater-item-62186c3 block\"> iPhone 16<\/span><span class=\"lqd-text-item relative elementor-repeater-item-29bc1be block\">128 GB<\/span><\/h2>\t\t\t\t<\/div>\n\t\t\t\t<\/div>\n\t\t<script>\n\t\twindow.liquid.behaviors.push( {\n\t\t\tdataId: \"a91ae8f\",\n\t\t\tbehaviors:[\n\t\t\t\t{behaviorName:'liquidGetElementComputedStyles',options:{includeSelf:true,getRect:true,getStyles:['position']}},{behaviorName:'liquidAdaptiveColor'},\n\t\t\t]\n\t\t} );\n\t\t\n\t\t\twindow.liquid.behaviors.push( {\n\t\t\t\tlayoutRegion: \"liquidPageContent\",\n\t\t\t\tbehaviors:[\n\t\t\t\t\t{behaviorName:'liquidGetElementComputedStyles',options:{includeChildren:true,includeSelf:true,getOnlyContainers:true,getStyles:['backgroundColor'],getBrightnessOf:['backgroundColor'],getRect:true}},\n\t\t\t\t]\n\t\t\t} );\n\t\t<\/script>\t\t\t<\/div>\n\t\t\t\t<\/div>\n\t\t<div data-particle_enable=\"false\" data-particle-mobile-disabled=\"false\" class=\"elementor-element elementor-element-86b29b3 e-flex e-con-boxed e-con e-parent\" data-id=\"86b29b3\" data-element_type=\"container\" data-e-type=\"container\">\n\t\t\t\t\t<div class=\"e-con-inner\">\n\t\t\t\t<div class=\"elementor-element elementor-element-2eb35a3 elementor-widget elementor-widget-spacer\" data-id=\"2eb35a3\" data-element_type=\"widget\" data-e-type=\"widget\" data-widget_type=\"spacer.default\">\n\t\t\t\t\t\t\t<div class=\"elementor-spacer\">\n\t\t\t<div class=\"elementor-spacer-inner\"><\/div>\n\t\t<\/div>\n\t\t\t\t\t\t<\/div>\n\t\t\t\t\t<\/div>\n\t\t\t\t<\/div>\n\t\t<div data-particle_enable=\"false\" data-particle-mobile-disabled=\"false\" class=\"elementor-element elementor-element-3062587 e-flex e-con-boxed e-con e-parent\" data-id=\"3062587\" data-element_type=\"container\" data-e-type=\"container\">\n\t\t\t\t\t<div class=\"e-con-inner\">\n\t\t<div data-particle_enable=\"false\" data-particle-mobile-disabled=\"false\" class=\"elementor-element elementor-element-b0581e9 e-con-full e-flex e-con e-child\" data-id=\"b0581e9\" data-element_type=\"container\" data-e-type=\"container\">\n\t\t\t\t<div class=\"elementor-element elementor-element-47aa6f1 elementor-widget elementor-widget-lqd-image\" data-id=\"47aa6f1\" data-element_type=\"widget\" data-e-type=\"widget\" data-widget_type=\"lqd-image.default\">\n\t\t\t\t<div class=\"elementor-widget-container\">\n\t\t\t\t\t\n\t\t<figure class=\"inline-block relative align-middle overflow-hidden lqd-transform-perspective transition-colors\" data-lqd-look-at-mouse data-lqd-hover3d-el>\n\n\t\t\t\n\t\t\t\t\n\t\t\t\t<img fetchpriority=\"high\" decoding=\"async\" width=\"1000\" height=\"1000\" src=\"https:\/\/applefix.cz\/wp-content\/uploads\/2025\/02\/grade-A-16-1.png\" class=\"attachment-full size-full wp-image-10553\" alt=\"\" srcset=\"https:\/\/applefix.cz\/wp-content\/uploads\/2025\/02\/grade-A-16-1.png 1000w, https:\/\/applefix.cz\/wp-content\/uploads\/2025\/02\/grade-A-16-1-300x300.png 300w, https:\/\/applefix.cz\/wp-content\/uploads\/2025\/02\/grade-A-16-1-150x150.png 150w\" sizes=\"(max-width: 1000px) 100vw, 1000px\" \/>\n\t\t\t\t\n\t\t\t\t\n\t\t\t\t\n\t\t\t\n\t\t\t\n\t\t<\/figure>\n\n\t\t\t\t\t\t<\/div>\n\t\t\t\t<\/div>\n\t\t<script>\n\t\twindow.liquid.behaviors.push( {\n\t\t\tdataId: \"47aa6f1\",\n\t\t\tbehaviors:[\n\t\t\t\t{behaviorName:'liquidHover3d',options:{intensity:1.5}},\n\t\t\t]\n\t\t} );\n\t\t\n\t\t<\/script>\t\t<div class=\"elementor-element elementor-element-7fac976 elementor-widget elementor-widget-spacer\" data-id=\"7fac976\" data-element_type=\"widget\" data-e-type=\"widget\" data-widget_type=\"spacer.default\">\n\t\t\t\t\t\t\t<div class=\"elementor-spacer\">\n\t\t\t<div class=\"elementor-spacer-inner\"><\/div>\n\t\t<\/div>\n\t\t\t\t\t\t<\/div>\n\t\t\t\t<div class=\"elementor-element elementor-element-cf8564b lqd-box-image-top elementor-widget elementor-widget-lqd-box lqd-widget-container-flex lqd-group-box\" data-id=\"cf8564b\" data-element_type=\"widget\" data-e-type=\"widget\" data-widget_type=\"lqd-box.default\">\n\t\t\t\t<div class=\"elementor-widget-container\">\n\t\t\t\t\t\n\t\t<div class=\"lqd-box-content relative z-1 transition-all grow\">\n\n\t\t\t\n\t\t\t<h3 class=\"lqd-box-title items-center relative mb-0 transition-colors\">Jako nov\u00e9<\/h3><h6 class=\"lqd-box-subtitle items-center relative mt-0 mb-0 transition-colors\"><\/br><\/h6>\n\t\t<div class=\"relative transition-colors lqd-box-description\"><p>Pln\u011b funk\u010dn\u00ed, v perfektn\u00edm stavu, bez po\u0161kozen\u00ed a opot\u0159eben\u00ed.<\/p><\/div>\n\n\t\t\n\t\t<\/div>\n\n\t\t\t\t\t\t<\/div>\n\t\t\t\t<\/div>\n\t\t\t\t<div class=\"elementor-element elementor-element-68746bf elementor-widget elementor-widget-spacer\" data-id=\"68746bf\" data-element_type=\"widget\" data-e-type=\"widget\" data-widget_type=\"spacer.default\">\n\t\t\t\t\t\t\t<div class=\"elementor-spacer\">\n\t\t\t<div class=\"elementor-spacer-inner\"><\/div>\n\t\t<\/div>\n\t\t\t\t\t\t<\/div>\n\t\t<div data-particle_enable=\"false\" data-particle-mobile-disabled=\"false\" class=\"elementor-element elementor-element-ebaacc5 e-con-full e-flex e-con e-child\" data-id=\"ebaacc5\" data-element_type=\"container\" data-e-type=\"container\">\n\t\t\t\t<div class=\"elementor-element elementor-element-c5bb345 lqd-text-tag-h2 elementor-widget elementor-widget-lqd-text\" data-id=\"c5bb345\" data-element_type=\"widget\" data-e-type=\"widget\" data-widget_type=\"lqd-text.default\">\n\t\t\t\t<div class=\"elementor-widget-container\">\n\t\t\t\t\t<h2 class=\"lqd-text-el m-0 p-0\"><span class=\"lqd-text-item relative elementor-repeater-item-bfe619d block\">Va\u0161e v\u00fdkupn\u00ed cena<\/span><span class=\"lqd-text-item relative elementor-repeater-item-e5b6b61 block\">15 400 K\u010d<\/span><\/h2>\t\t\t\t<\/div>\n\t\t\t\t<\/div>\n\t\t\t\t<\/div>\n\t\t\t\t<\/div>\n\t\t<div data-particle_enable=\"false\" data-particle-mobile-disabled=\"false\" class=\"elementor-element elementor-element-058a51a e-con-full e-flex e-con e-child\" data-id=\"058a51a\" data-element_type=\"container\" data-e-type=\"container\">\n\t\t\t\t<div class=\"elementor-element elementor-element-b0b51b9 elementor-widget elementor-widget-lqd-image\" data-id=\"b0b51b9\" data-element_type=\"widget\" data-e-type=\"widget\" data-widget_type=\"lqd-image.default\">\n\t\t\t\t<div class=\"elementor-widget-container\">\n\t\t\t\t\t\n\t\t<figure class=\"inline-block relative align-middle overflow-hidden lqd-transform-perspective transition-colors\" data-lqd-look-at-mouse data-lqd-hover3d-el>\n\n\t\t\t\n\t\t\t\t\n\t\t\t\t<img decoding=\"async\" width=\"1000\" height=\"1000\" src=\"https:\/\/applefix.cz\/wp-content\/uploads\/2025\/02\/grade-B-16.png\" class=\"attachment-full size-full wp-image-10533\" alt=\"\" srcset=\"https:\/\/applefix.cz\/wp-content\/uploads\/2025\/02\/grade-B-16.png 1000w, https:\/\/applefix.cz\/wp-content\/uploads\/2025\/02\/grade-B-16-300x300.png 300w, https:\/\/applefix.cz\/wp-content\/uploads\/2025\/02\/grade-B-16-150x150.png 150w\" sizes=\"(max-width: 1000px) 100vw, 1000px\" \/>\n\t\t\t\t\n\t\t\t\t\n\t\t\t\t\n\t\t\t\n\t\t\t\n\t\t<\/figure>\n\n\t\t\t\t\t\t<\/div>\n\t\t\t\t<\/div>\n\t\t<script>\n\t\twindow.liquid.behaviors.push( {\n\t\t\tdataId: \"b0b51b9\",\n\t\t\tbehaviors:[\n\t\t\t\t{behaviorName:'liquidHover3d',options:{intensity:1.5}},\n\t\t\t]\n\t\t} );\n\t\t\n\t\t<\/script>\t\t<div class=\"elementor-element elementor-element-f7cbb09 elementor-widget elementor-widget-spacer\" data-id=\"f7cbb09\" data-element_type=\"widget\" data-e-type=\"widget\" data-widget_type=\"spacer.default\">\n\t\t\t\t\t\t\t<div class=\"elementor-spacer\">\n\t\t\t<div class=\"elementor-spacer-inner\"><\/div>\n\t\t<\/div>\n\t\t\t\t\t\t<\/div>\n\t\t\t\t<div class=\"elementor-element elementor-element-8157ed4 lqd-box-image-top lqd-box-separate-content-placement-end elementor-widget elementor-widget-lqd-box lqd-widget-container-flex lqd-group-box\" data-id=\"8157ed4\" data-element_type=\"widget\" data-e-type=\"widget\" data-widget_type=\"lqd-box.default\">\n\t\t\t\t<div class=\"elementor-widget-container\">\n\t\t\t\t\t\n\t\t<div class=\"lqd-box-content relative z-1 transition-all grow\">\n\n\t\t\t\n\t\t\t<h3 class=\"lqd-box-title items-center relative mb-0 transition-colors\">Lehce opot\u0159eben\u00e9<\/h3><h6 class=\"lqd-box-subtitle items-center relative mt-0 mb-0 transition-colors\"><\/br><\/h6>\n\t\t<div class=\"relative transition-colors lqd-box-description\"><p>Pln\u011b funk\u010dn\u00ed, v perfektn\u00edm stavu, bez po\u0161kozen\u00ed a opot\u0159eben\u00ed.<\/p><\/div>\n\n\t\t\n\t\t<\/div>\n\n\t\t\t\t\t\t<\/div>\n\t\t\t\t<\/div>\n\t\t\t\t<div class=\"elementor-element elementor-element-d92cdd0 elementor-widget elementor-widget-spacer\" data-id=\"d92cdd0\" data-element_type=\"widget\" data-e-type=\"widget\" data-widget_type=\"spacer.default\">\n\t\t\t\t\t\t\t<div class=\"elementor-spacer\">\n\t\t\t<div class=\"elementor-spacer-inner\"><\/div>\n\t\t<\/div>\n\t\t\t\t\t\t<\/div>\n\t\t<div data-particle_enable=\"false\" data-particle-mobile-disabled=\"false\" class=\"elementor-element elementor-element-87caa0b e-con-full e-flex e-con e-child\" data-id=\"87caa0b\" data-element_type=\"container\" data-e-type=\"container\">\n\t\t\t\t<div class=\"elementor-element elementor-element-7a995bd lqd-text-tag-h2 elementor-widget elementor-widget-lqd-text\" data-id=\"7a995bd\" data-element_type=\"widget\" data-e-type=\"widget\" data-widget_type=\"lqd-text.default\">\n\t\t\t\t<div class=\"elementor-widget-container\">\n\t\t\t\t\t<h2 class=\"lqd-text-el m-0 p-0\"><span class=\"lqd-text-item relative elementor-repeater-item-bfe619d block\">Va\u0161e v\u00fdkupn\u00ed cena<\/span><span class=\"lqd-text-item relative elementor-repeater-item-e5b6b61 block\">14 600 K\u010d<\/span><\/h2>\t\t\t\t<\/div>\n\t\t\t\t<\/div>\n\t\t\t\t<\/div>\n\t\t\t\t<\/div>\n\t\t<div data-particle_enable=\"false\" data-particle-mobile-disabled=\"false\" class=\"elementor-element elementor-element-1530702 e-con-full e-flex e-con e-child\" data-id=\"1530702\" data-element_type=\"container\" data-e-type=\"container\">\n\t\t\t\t<div class=\"elementor-element elementor-element-5a75bab elementor-widget elementor-widget-lqd-image\" data-id=\"5a75bab\" data-element_type=\"widget\" data-e-type=\"widget\" data-widget_type=\"lqd-image.default\">\n\t\t\t\t<div class=\"elementor-widget-container\">\n\t\t\t\t\t\n\t\t<figure class=\"inline-block relative align-middle overflow-hidden lqd-transform-perspective transition-colors\" data-lqd-look-at-mouse data-lqd-hover3d-el>\n\n\t\t\t\n\t\t\t\t\n\t\t\t\t<img decoding=\"async\" width=\"1000\" height=\"1000\" src=\"https:\/\/applefix.cz\/wp-content\/uploads\/2025\/02\/grade-C-16-1.png\" class=\"attachment-full size-full wp-image-10582\" alt=\"\" srcset=\"https:\/\/applefix.cz\/wp-content\/uploads\/2025\/02\/grade-C-16-1.png 1000w, https:\/\/applefix.cz\/wp-content\/uploads\/2025\/02\/grade-C-16-1-300x300.png 300w, https:\/\/applefix.cz\/wp-content\/uploads\/2025\/02\/grade-C-16-1-150x150.png 150w\" sizes=\"(max-width: 1000px) 100vw, 1000px\" \/>\n\t\t\t\t\n\t\t\t\t\n\t\t\t\t\n\t\t\t\n\t\t\t\n\t\t<\/figure>\n\n\t\t\t\t\t\t<\/div>\n\t\t\t\t<\/div>\n\t\t<script>\n\t\twindow.liquid.behaviors.push( {\n\t\t\tdataId: \"5a75bab\",\n\t\t\tbehaviors:[\n\t\t\t\t{behaviorName:'liquidHover3d',options:{intensity:1.5}},\n\t\t\t]\n\t\t} );\n\t\t\n\t\t<\/script>\t\t<div class=\"elementor-element elementor-element-a14bb5e elementor-widget elementor-widget-spacer\" data-id=\"a14bb5e\" data-element_type=\"widget\" data-e-type=\"widget\" data-widget_type=\"spacer.default\">\n\t\t\t\t\t\t\t<div class=\"elementor-spacer\">\n\t\t\t<div class=\"elementor-spacer-inner\"><\/div>\n\t\t<\/div>\n\t\t\t\t\t\t<\/div>\n\t\t\t\t<div class=\"elementor-element elementor-element-ef5867b lqd-box-image-top lqd-box-separate-content-placement-end elementor-widget elementor-widget-lqd-box lqd-widget-container-flex lqd-group-box\" data-id=\"ef5867b\" data-element_type=\"widget\" data-e-type=\"widget\" data-widget_type=\"lqd-box.default\">\n\t\t\t\t<div class=\"elementor-widget-container\">\n\t\t\t\t\t\n\t\t<div class=\"lqd-box-content relative z-1 transition-all grow\">\n\n\t\t\t\n\t\t\t<h3 class=\"lqd-box-title items-center relative mb-0 transition-colors\">Lehce opot\u0159eben\u00e9<\/h3><h6 class=\"lqd-box-subtitle items-center relative mt-0 mb-0 transition-colors\"><\/br><\/h6>\n\t\t<div class=\"relative transition-colors lqd-box-description\"><p>Pln\u011b funk\u010dn\u00ed, v perfektn\u00edm stavu, bez po\u0161kozen\u00ed a opot\u0159eben\u00ed.<\/p><\/div>\n\n\t\t\n\t\t<\/div>\n\n\t\t\t\t\t\t<\/div>\n\t\t\t\t<\/div>\n\t\t\t\t<div class=\"elementor-element elementor-element-b889288 elementor-widget elementor-widget-spacer\" data-id=\"b889288\" data-element_type=\"widget\" data-e-type=\"widget\" data-widget_type=\"spacer.default\">\n\t\t\t\t\t\t\t<div class=\"elementor-spacer\">\n\t\t\t<div class=\"elementor-spacer-inner\"><\/div>\n\t\t<\/div>\n\t\t\t\t\t\t<\/div>\n\t\t<div data-particle_enable=\"false\" data-particle-mobile-disabled=\"false\" class=\"elementor-element elementor-element-4a6a695 e-con-full e-flex e-con e-child\" data-id=\"4a6a695\" data-element_type=\"container\" data-e-type=\"container\">\n\t\t\t\t<div class=\"elementor-element elementor-element-7b92164 lqd-text-tag-h2 elementor-widget elementor-widget-lqd-text\" data-id=\"7b92164\" data-element_type=\"widget\" data-e-type=\"widget\" data-widget_type=\"lqd-text.default\">\n\t\t\t\t<div class=\"elementor-widget-container\">\n\t\t\t\t\t<h2 class=\"lqd-text-el m-0 p-0\"><span class=\"lqd-text-item relative elementor-repeater-item-bfe619d block\">Va\u0161e v\u00fdkupn\u00ed cena<\/span><span class=\"lqd-text-item relative elementor-repeater-item-e5b6b61 block\">13 400 K\u010d<\/span><\/h2>\t\t\t\t<\/div>\n\t\t\t\t<\/div>\n\t\t\t\t<\/div>\n\t\t\t\t<\/div>\n\t\t<div data-particle_enable=\"false\" data-particle-mobile-disabled=\"false\" class=\"elementor-element elementor-element-2ac39a2 e-con-full e-flex e-con e-child\" data-id=\"2ac39a2\" data-element_type=\"container\" data-e-type=\"container\">\n\t\t\t\t<div class=\"elementor-element elementor-element-3e090b1 elementor-widget elementor-widget-lqd-image\" data-id=\"3e090b1\" data-element_type=\"widget\" data-e-type=\"widget\" data-widget_type=\"lqd-image.default\">\n\t\t\t\t<div class=\"elementor-widget-container\">\n\t\t\t\t\t\n\t\t<figure class=\"inline-block relative align-middle overflow-hidden lqd-transform-perspective transition-colors\" data-lqd-look-at-mouse data-lqd-hover3d-el>\n\n\t\t\t\n\t\t\t\t\n\t\t\t\t<img loading=\"lazy\" decoding=\"async\" width=\"1000\" height=\"1000\" src=\"https:\/\/applefix.cz\/wp-content\/uploads\/2025\/02\/grade-D-16.png\" class=\"attachment-full size-full wp-image-10558\" alt=\"\" srcset=\"https:\/\/applefix.cz\/wp-content\/uploads\/2025\/02\/grade-D-16.png 1000w, https:\/\/applefix.cz\/wp-content\/uploads\/2025\/02\/grade-D-16-300x300.png 300w, https:\/\/applefix.cz\/wp-content\/uploads\/2025\/02\/grade-D-16-150x150.png 150w\" sizes=\"(max-width: 1000px) 100vw, 1000px\" \/>\n\t\t\t\t\n\t\t\t\t\n\t\t\t\t\n\t\t\t\n\t\t\t\n\t\t<\/figure>\n\n\t\t\t\t\t\t<\/div>\n\t\t\t\t<\/div>\n\t\t<script>\n\t\twindow.liquid.behaviors.push( {\n\t\t\tdataId: \"3e090b1\",\n\t\t\tbehaviors:[\n\t\t\t\t{behaviorName:'liquidHover3d',options:{intensity:1.5}},\n\t\t\t]\n\t\t} );\n\t\t\n\t\t<\/script>\t\t<div class=\"elementor-element elementor-element-7d4e7e7 elementor-widget elementor-widget-spacer\" data-id=\"7d4e7e7\" data-element_type=\"widget\" data-e-type=\"widget\" data-widget_type=\"spacer.default\">\n\t\t\t\t\t\t\t<div class=\"elementor-spacer\">\n\t\t\t<div class=\"elementor-spacer-inner\"><\/div>\n\t\t<\/div>\n\t\t\t\t\t\t<\/div>\n\t\t\t\t<div class=\"elementor-element elementor-element-a73d593 lqd-box-image-top elementor-widget elementor-widget-lqd-box lqd-widget-container-flex lqd-group-box\" data-id=\"a73d593\" data-element_type=\"widget\" data-e-type=\"widget\" data-widget_type=\"lqd-box.default\">\n\t\t\t\t<div class=\"elementor-widget-container\">\n\t\t\t\t\t\n\t\t<div class=\"lqd-box-content relative z-1 transition-all grow\">\n\n\t\t\t\n\t\t\t<h3 class=\"lqd-box-title items-center relative mb-0 transition-colors\">V\u011bt\u0161\u00ed opot\u0159eben\u00ed<\/h3><h6 class=\"lqd-box-subtitle items-center relative mt-0 mb-0 transition-colors\"><\/br><\/h6>\n\t\t<div class=\"relative transition-colors lqd-box-description\"><p>Pln\u011b funk\u010dn\u00ed, v perfektn\u00edm stavu, bez po\u0161kozen\u00ed a opot\u0159eben\u00ed.<\/p><\/div>\n\n\t\t\n\t\t<\/div>\n\n\t\t\t\t\t\t<\/div>\n\t\t\t\t<\/div>\n\t\t\t\t<div class=\"elementor-element elementor-element-0f7a064 elementor-widget elementor-widget-spacer\" data-id=\"0f7a064\" data-element_type=\"widget\" data-e-type=\"widget\" data-widget_type=\"spacer.default\">\n\t\t\t\t\t\t\t<div class=\"elementor-spacer\">\n\t\t\t<div class=\"elementor-spacer-inner\"><\/div>\n\t\t<\/div>\n\t\t\t\t\t\t<\/div>\n\t\t<div data-particle_enable=\"false\" data-particle-mobile-disabled=\"false\" class=\"elementor-element elementor-element-f0fd65f e-con-full e-flex e-con e-child\" data-id=\"f0fd65f\" data-element_type=\"container\" data-e-type=\"container\">\n\t\t\t\t<div class=\"elementor-element elementor-element-9525e36 lqd-text-tag-h2 elementor-widget elementor-widget-lqd-text\" data-id=\"9525e36\" data-element_type=\"widget\" data-e-type=\"widget\" data-widget_type=\"lqd-text.default\">\n\t\t\t\t<div class=\"elementor-widget-container\">\n\t\t\t\t\t<h2 class=\"lqd-text-el m-0 p-0\"><span class=\"lqd-text-item relative elementor-repeater-item-bfe619d block\">Va\u0161e v\u00fdkupn\u00ed cena<\/span><span class=\"lqd-text-item relative elementor-repeater-item-e5b6b61 block\">3 500 K\u010d<\/span><\/h2>\t\t\t\t<\/div>\n\t\t\t\t<\/div>\n\t\t\t\t<\/div>\n\t\t\t\t<\/div>\n\t\t\t\t\t<\/div>\n\t\t\t\t<\/div>\n\t\t<div data-particle_enable=\"false\" data-particle-mobile-disabled=\"false\" class=\"elementor-element elementor-element-116058c e-flex e-con-boxed e-con e-parent\" data-id=\"116058c\" data-element_type=\"container\" data-e-type=\"container\">\n\t\t\t\t\t<div class=\"e-con-inner\">\n\t\t\t\t<div class=\"elementor-element elementor-element-185b295 elementor-widget elementor-widget-spacer\" data-id=\"185b295\" data-element_type=\"widget\" data-e-type=\"widget\" data-widget_type=\"spacer.default\">\n\t\t\t\t\t\t\t<div class=\"elementor-spacer\">\n\t\t\t<div class=\"elementor-spacer-inner\"><\/div>\n\t\t<\/div>\n\t\t\t\t\t\t<\/div>\n\t\t\t\t\t<\/div>\n\t\t\t\t<\/div>\n\t\t\t\t<\/div>\n\t\t","protected":false},"excerpt":{"rendered":"<p>Cen\u00edm v\u00fdkupu iPhone 16128 GB Jako nov\u00e9 Pln\u011b funk\u010dn\u00ed, v perfektn\u00edm stavu, bez po\u0161kozen\u00ed a opot\u0159eben\u00ed. Va\u0161e v\u00fdkupn\u00ed cena15 400 K\u010d Lehce opot\u0159eben\u00e9 Pln\u011b funk\u010dn\u00ed, v perfektn\u00edm stavu, bez po\u0161kozen\u00ed a opot\u0159eben\u00ed. Va\u0161e v\u00fdkupn\u00ed cena14 600 K\u010d Lehce opot\u0159eben\u00e9 Pln\u011b funk\u010dn\u00ed, v perfektn\u00edm stavu, bez po\u0161kozen\u00ed a opot\u0159eben\u00ed. Va\u0161e v\u00fdkupn\u00ed cena13 400 K\u010d V\u011bt\u0161\u00ed opot\u0159eben\u00ed [&hellip;]<\/p>\n","protected":false},"author":2,"featured_media":0,"parent":8555,"menu_order":0,"comment_status":"closed","ping_status":"closed","template":"","meta":{"footnotes":""},"class_list":["post-10503","page","type-page","status-publish","hentry"],"_links":{"self":[{"href":"https:\/\/applefix.cz\/en\/wp-json\/wp\/v2\/pages\/10503","targetHints":{"allow":["GET"]}}],"collection":[{"href":"https:\/\/applefix.cz\/en\/wp-json\/wp\/v2\/pages"}],"about":[{"href":"https:\/\/applefix.cz\/en\/wp-json\/wp\/v2\/types\/page"}],"author":[{"embeddable":true,"href":"https:\/\/applefix.cz\/en\/wp-json\/wp\/v2\/users\/2"}],"replies":[{"embeddable":true,"href":"https:\/\/applefix.cz\/en\/wp-json\/wp\/v2\/comments?post=10503"}],"version-history":[{"count":35,"href":"https:\/\/applefix.cz\/en\/wp-json\/wp\/v2\/pages\/10503\/revisions"}],"predecessor-version":[{"id":10591,"href":"https:\/\/applefix.cz\/en\/wp-json\/wp\/v2\/pages\/10503\/revisions\/10591"}],"up":[{"embeddable":true,"href":"https:\/\/applefix.cz\/en\/wp-json\/wp\/v2\/pages\/8555"}],"wp:attachment":[{"href":"https:\/\/applefix.cz\/en\/wp-json\/wp\/v2\/media?parent=10503"}],"curies":[{"name":"wp","href":"https:\/\/api.w.org\/{rel}","templated":true}]}}